{"id":483,"date":"2025-11-28T15:08:26","date_gmt":"2025-11-28T15:08:26","guid":{"rendered":"https:\/\/www.fournisseur-supply-chain.fr\/?page_id=483"},"modified":"2026-02-16T05:23:40","modified_gmt":"2026-02-16T05:23:40","slug":"mentions-legales","status":"publish","type":"page","link":"https:\/\/www.dgroupe.fr\/en\/mentions-legales\/","title":{"rendered":"Legal information"},"content":{"rendered":"<p>[et_pb_section fb_built=\u00a0\u00bb1&Prime; _builder_version=\u00a0\u00bb4.27.5&Prime; _module_preset=\u00a0\u00bbdefault\u00a0\u00bb background_image=\u00a0\u00bbhttps:\/\/dgroupe.fr\/wp-content\/uploads\/2025\/11\/63be80e4e7c3200cc53c9f70__DSC4429.jpg\u00a0\u00bb parallax=\u00a0\u00bbon\u00a0\u00bb custom_padding=\u00a0\u00bb90px||127px||false|false\u00a0\u00bb global_colors_info=\u00a0\u00bb{}\u00a0\u00bb][et_pb_row _builder_version=\u00a0\u00bb4.27.5&Prime; _module_preset=\u00a0\u00bbdefault\u00a0\u00bb custom_margin=\u00a0\u00bb||||false|false\u00a0\u00bb custom_padding=\u00a0\u00bb131px||||false|false\u00a0\u00bb global_colors_info=\u00a0\u00bb{}\u00a0\u00bb][et_pb_column type=\u00a0\u00bb4_4&Prime; _builder_version=\u00a0\u00bb4.27.4&Prime; _module_preset=\u00a0\u00bbdefault\u00a0\u00bb global_colors_info=\u00a0\u00bb{}\u00a0\u00bb][et_pb_text _builder_version=\u00a0\u00bb4.27.4&Prime; _module_preset=\u00a0\u00bbdefault\u00a0\u00bb text_text_color=\u00a0\u00bb#FFFFFF\u00a0\u00bb text_font_size=\u00a0\u00bb18px\u00a0\u00bb header_font=\u00a0\u00bb|700|||||||\u00a0\u00bb header_text_color=\u00a0\u00bb#FFFFFF\u00a0\u00bb header_font_size=\u00a0\u00bb50px\u00a0\u00bb text_orientation=\u00a0\u00bbcenter\u00a0\u00bb global_colors_info=\u00a0\u00bb{}\u00a0\u00bb]<\/p>\n<h1 data-w-id=\"c727de9c-28f6-0d84-254f-289a44bc410c\" class=\"text-white\">Mentions l\u00e9gales<\/h1>\n<p>[\/et_pb_text][\/et_pb_column][\/et_pb_row][\/et_pb_section][et_pb_section fb_built=\u00a0\u00bb1&Prime; _builder_version=\u00a0\u00bb4.16&Prime; _module_preset=\u00a0\u00bbdefault\u00a0\u00bb custom_padding=\u00a0\u00bb2px||0px|||\u00a0\u00bb global_colors_info=\u00a0\u00bb{}\u00a0\u00bb][et_pb_row use_custom_gutter=\u00a0\u00bbon\u00a0\u00bb gutter_width=\u00a0\u00bb1&Prime; _builder_version=\u00a0\u00bb4.27.4&Prime; _module_preset=\u00a0\u00bbdefault\u00a0\u00bb background_enable_color=\u00a0\u00bboff\u00a0\u00bb width=\u00a0\u00bb100%\u00a0\u00bb max_width=\u00a0\u00bb1029px\u00a0\u00bb module_alignment=\u00a0\u00bbcenter\u00a0\u00bb custom_margin=\u00a0\u00bb0px|auto||auto|false|false\u00a0\u00bb custom_padding=\u00a0\u00bb0px||0px|||\u00a0\u00bb custom_css_main_element=\u00a0\u00bbdisplay: flex;||align-items: center;||\u00a0\u00bb global_colors_info=\u00a0\u00bb{}\u00a0\u00bb][et_pb_column type=\u00a0\u00bb4_4&Prime; _builder_version=\u00a0\u00bb4.16&Prime; _module_preset=\u00a0\u00bbdefault\u00a0\u00bb global_colors_info=\u00a0\u00bb{}\u00a0\u00bb][et_pb_text _builder_version=\u00a0\u00bb4.27.5&Prime; _module_preset=\u00a0\u00bbdefault\u00a0\u00bb text_font_size=\u00a0\u00bb18px\u00a0\u00bb text_line_height=\u00a0\u00bb1.8em\u00a0\u00bb header_2_font_size=\u00a0\u00bb40px\u00a0\u00bb custom_padding=\u00a0\u00bb50px|50px|50px|50px|true|true\u00a0\u00bb hover_enabled=\u00a0\u00bb0&Prime; global_colors_info=\u00a0\u00bb{}\u00a0\u00bb sticky_enabled=\u00a0\u00bb0&Prime;]<\/p>\n<p><strong>Informations g\u00e9n\u00e9rales<br \/>\u200d<\/strong><span>Le site dgroupe.fr est \u00e9dit\u00e9 par D Groupe Logistique propri\u00e9taire de la SAS Distritec, soci\u00e9t\u00e9 par action simplifi\u00e9e :SIRET 354 038 820 000 32SAS d\u00e9di\u00e9e aux transports routiers de fret interurbains (4941A) &#8211; N\u00b0 de TVA FR34 354038820 &#8211; Capital de 1 000 000 \u20acAdresse du si\u00e8ge social : 37 Boulevard de Beaubourg, 77184 EMERAINVILLE &#8211; France<\/span><br \/><span>\u200d<\/span><br \/><strong>Pour nous \u00e9crire \/ nous contacter :<br \/>\u200d<\/strong><span>&#8211; par courrier \u00e9lectronique \u00e0\u00a0<\/span><a href=\"mailto:contact@dgroupe.fr\">contact@dgroupe.fr<br \/>\u200d<\/a><span>&#8211; par t\u00e9l\u00e9phone : au +33 1 64 61 81 91<\/span><br \/><span>&#8211; par fax : +33 1 64 61 82 19<\/span><br \/><span>&#8211; ou encore par courrier \ud83d\ude00 Groupe Logistique<\/span><br \/><span>37 Boulevard de Beaubourg, 77184 EMERAINVILLE &#8211; France<\/span><br \/><span>\u200d<\/span><br \/><strong>H\u00e9bergeur du site<br \/><\/strong>IONOS SE &#8211; Elgendorfer Str. 57 <br \/>56410 Montabaur &#8211; Allemagne\u00a0<br \/>Cr\u00e9ation du site : Tricoteuse de liens<br \/><span>\u200d<\/span><br \/><strong>Droit de la propri\u00e9t\u00e9 intellectuelle<br \/>\u200d<\/strong><span>Le contenu de ce site (illustrations, textes, photographies, etc.) constitue une \u0153uvre originale prot\u00e9g\u00e9e en France par le Code de la Propri\u00e9t\u00e9Intellectuelle et \u00e0 l\u2019\u00e9tranger par les lois applicables localement et les trait\u00e9s internationaux.En acc\u00e9dant au site dgroupe.fr, vous acceptez de vous conformer au Code de la Propri\u00e9t\u00e9 Intellectuelle fran\u00e7ais et plus g\u00e9n\u00e9ralement aux trait\u00e9s et accords internationaux comportant des dispositions relatives \u00e0 la protection des droits d&rsquo;auteur, de cr\u00e9ations et mod\u00e8les et\/ou de marques. C&rsquo;est ainsi que vous vous interdisez de reproduire ou repr\u00e9senter, int\u00e9gralement ou partiellement, les donn\u00e9es, articles, photos, illustrations, logo, etc. qui figurent sur le site par quelque proc\u00e9d\u00e9 ou support que ce soit, sans autorisation \u00e9crite particuli\u00e8re et pr\u00e9alable de D Groupe Logistique. Il en va de m\u00eame pour la traduction.De m\u00eame vous vous interdisez \u00e9galement d&rsquo;introduire des donn\u00e9es, images, photos, etc. sur le site de D Groupe Logistique qui modifieraient ou seraient susceptibles de modifier le contenu ou l&rsquo;apparence des donn\u00e9es, articles, photos, etc. figurant sur le site et par quelques proc\u00e9d\u00e9s que ce soit.Le non-respect de l&rsquo;un de ces droits de propri\u00e9t\u00e9 intellectuelle est un d\u00e9lit de contrefa\u00e7on sanctionn\u00e9 par l&rsquo;article L 335-2 du code de laPropri\u00e9t\u00e9 Intellectuelle.Vous avez la possibilit\u00e9 de copier des articles publi\u00e9s sur notre site dgroupe.fr dans certains cas limitativement pr\u00e9vus :l&rsquo;usage \u00e0 but non lucratif et\/ou informationnel pour votre seul usage priv\u00e9. Vous avez \u00e9galement la possibilit\u00e9 de reproduire des extraits dece site \u00e0 des fins p\u00e9dagogiques, scientifiques ou d\u2019information conform\u00e9ment \u00e0 l\u2019article L122-5 du code de la Propri\u00e9t\u00e9 Intellectuelle.Prenez le soin de citer vos sources (dgroupe.fr) et le nom de l&rsquo;auteur s&rsquo;il est indiqu\u00e9.<\/span><br \/><span>\u200d<\/span><br \/><strong>Confidentialit\u00e9 des informations transmises<br \/>\u200d<\/strong><span>Les coordonn\u00e9es nominatives sont collect\u00e9es pour la seule finalit\u00e9 indiqu\u00e9e dans les formulaires et pour les seuls besoins de D GroupeLogistique. Chacun des formulaires pr\u00e9sents sur ce site et invitant les internautes \u00e0 communiquer des coordonn\u00e9es personnelles mentionne quelles sont les rubriques obligatoires et facultatives.Conform\u00e9ment aux articles 38 et suivants de la loi du 6 janvier 1978 relative \u00e0 l\u2019informatique, aux fichiers et aux libert\u00e9s, vous disposez d\u2019un droit d\u2019acc\u00e8s, de rectification et de suppression concernant vos donn\u00e9es personnelles que vous aurez communiqu\u00e9es en renseignant les formulaires pr\u00e9sents sur ce site. Vous pourrez exercer ce droit en vous adressant \u00e0 D Groupe Logistique &#8211; 37 Boulevard de Beaubourg, 77184 EMERAINVILLE- France ou par email :\u00a0<\/span><a href=\"mailto:contact@dgroupe.fr\">contact@dgroupe.fr<br \/>\u200d<\/a><br \/><strong>Responsabilit\u00e9<br \/>\u200d<\/strong><span>D Groupe Logistique et plus g\u00e9n\u00e9ralement tout prestataire contribuant \u00e0 la conception et \u00e0 la mise en ligne du site ne pourront \u00eatre tenus pour responsables de tous dommages ou pertes av\u00e9r\u00e9s ou all\u00e9gu\u00e9s cons\u00e9cutifs ou en relation avec l&rsquo;utilisation ou avec le fait d&rsquo;avoir fait confiance au contenu, \u00e0 des biens ou des services disponibles sur ces sites ou sources externes ou encore en raison de la pr\u00e9sence d&rsquo;un virus, cheval de Troie ou autre parasite de nature intrusive ou destructive sur ces sites ou sources externes. Les \u00e9ventuels liens hypertextes pr\u00e9sents surle site dgroupe.fr et aiguillant les utilisateurs vers d&rsquo;autres sites n&rsquo;engagent pas la responsabilit\u00e9 de D Groupe Logistique. En effet, la soci\u00e9t\u00e9 ne peut contr\u00f4ler les sites et sources externes notamment les informations, publicit\u00e9s, etc. La mise en place d&rsquo;un lien hypertexte vers une page du site dgroupe.fr n\u00e9cessite une demande d&rsquo;autorisation \u00e9crite pr\u00e9alable \u00e0 l&rsquo;adresse suivante :<\/span><br \/><span>D Groupe Logistique &#8211; 37 Boulevard de Beaubourg, 77184 EMERAINVILLE &#8211; France.<\/span><br \/><span>D Groupe Logistique, qui prend soin de v\u00e9rifier la qualit\u00e9 des informations transmises, ne pourra \u00eatre tenu comme responsable ni de l&rsquo;exactitude, ni des erreurs, ni des omissions de celles-ci. La soci\u00e9t\u00e9 s&rsquo;engage \u00e0 proc\u00e9der \u00e0 une correction dans les plus brefs d\u00e9lais d\u00e8s la constatation de toute erreur. D Groupe Logistique se r\u00e9serve le droit de corriger et modifier \u00e0 tout moment le contenu du site sans que sa responsabilit\u00e9 puisse \u00eatre engag\u00e9e de ce fait, D Groupe Logistique pouvant, en particulier, apporter \u00e0 tout moment des am\u00e9liorations et\/ou changements au(x) produit(s) et services d\u00e9crits sur ce site.Pour nous informer des \u00e9ventuelles erreurs ou nous faire part de vos remarques concernant le fonctionnement du site, vous pouvez nous contacter par e-mail :\u00a0<\/span><a href=\"mailto:contact@dgroupe.fr\">contact@dgroupe.fr<br \/>\u200d<\/a><br \/><strong>Cr\u00e9dits<br \/>\u200d<\/strong><em>Directeur de la publication<br \/>\u200d<\/em><span>D Groupe Logistique<\/span><br \/><em><br \/><\/em>Cr\u00e9ation site web : Tricoteuse de liens<br \/><span>\u200d<\/span><br \/><strong>D\u00e9veloppement<br \/>\u200d<\/strong><span>DaCI EURL<\/span><br \/><span>\u200d<\/span><br \/><strong>Cr\u00e9dits photos<br \/>\u200d<\/strong><span>D Groupe Logistique<\/span><\/p>\n<p>[\/et_pb_text][\/et_pb_column][\/et_pb_row][\/et_pb_section]<\/p>\n","protected":false},"excerpt":{"rendered":"<p>Mentions l\u00e9galesInformations g\u00e9n\u00e9rales\u200dLe site dgroupe.fr est \u00e9dit\u00e9 par D Groupe Logistique propri\u00e9taire de la SAS Distritec, soci\u00e9t\u00e9 par action simplifi\u00e9e :SIRET 354 038 820 000 32SAS d\u00e9di\u00e9e aux transports routiers de fret interurbains (4941A) &#8211; N\u00b0 de TVA FR34 354038820 &#8211; Capital de 1 000 000 \u20acAdresse du si\u00e8ge social : 37 Boulevard de Beaubourg, [&hellip;]<\/p>\n","protected":false},"author":1,"featured_media":221,"parent":0,"menu_order":0,"comment_status":"closed","ping_status":"closed","template":"","meta":{"_et_pb_use_builder":"on","_et_pb_old_content":"","_et_gb_content_width":"","footnotes":""},"class_list":["post-483","page","type-page","status-publish","has-post-thumbnail","hentry"],"yoast_head":"<!-- This site is optimized with the Yoast SEO plugin v27.3 - https:\/\/yoast.com\/product\/yoast-seo-wordpress\/ -->\n<title>Mentions l\u00e9gales - DGroupe<\/title>\n<meta name=\"robots\" content=\"noindex, nofollow\" \/>\n<meta property=\"og:locale\" content=\"en_GB\" \/>\n<meta property=\"og:type\" content=\"article\" \/>\n<meta property=\"og:title\" content=\"Mentions l\u00e9gales - DGroupe\" \/>\n<meta property=\"og:description\" content=\"Mentions l\u00e9galesInformations g\u00e9n\u00e9rales\u200dLe site dgroupe.fr est \u00e9dit\u00e9 par D Groupe Logistique propri\u00e9taire de la SAS Distritec, soci\u00e9t\u00e9 par action simplifi\u00e9e :SIRET 354 038 820 000 32SAS d\u00e9di\u00e9e aux transports routiers de fret interurbains (4941A) - N\u00b0 de TVA FR34 354038820 - Capital de 1 000 000 \u20acAdresse du si\u00e8ge social : 37 Boulevard de Beaubourg, [&hellip;]\" \/>\n<meta property=\"og:url\" content=\"https:\/\/www.dgroupe.fr\/en\/mentions-legales\/\" \/>\n<meta property=\"og:site_name\" content=\"DGroupe\" \/>\n<meta property=\"article:modified_time\" content=\"2026-02-16T05:23:40+00:00\" \/>\n<meta property=\"og:image\" content=\"https:\/\/www.dgroupe.fr\/wp-content\/uploads\/2025\/11\/rse.jpg\" \/>\n\t<meta property=\"og:image:width\" content=\"1600\" \/>\n\t<meta property=\"og:image:height\" content=\"1068\" \/>\n\t<meta property=\"og:image:type\" content=\"image\/jpeg\" \/>\n<meta name=\"twitter:card\" content=\"summary_large_image\" \/>\n<meta name=\"twitter:label1\" content=\"Estimated reading time\" \/>\n\t<meta name=\"twitter:data1\" content=\"5 minutes\" \/>\n<script type=\"application\/ld+json\" class=\"yoast-schema-graph\">{\"@context\":\"https:\\\/\\\/schema.org\",\"@graph\":[{\"@type\":\"WebPage\",\"@id\":\"https:\\\/\\\/www.dgroupe.fr\\\/mentions-legales\\\/\",\"url\":\"https:\\\/\\\/www.dgroupe.fr\\\/mentions-legales\\\/\",\"name\":\"Mentions l\u00e9gales - DGroupe\",\"isPartOf\":{\"@id\":\"https:\\\/\\\/www.dgroupe.fr\\\/#website\"},\"primaryImageOfPage\":{\"@id\":\"https:\\\/\\\/www.dgroupe.fr\\\/mentions-legales\\\/#primaryimage\"},\"image\":{\"@id\":\"https:\\\/\\\/www.dgroupe.fr\\\/mentions-legales\\\/#primaryimage\"},\"thumbnailUrl\":\"https:\\\/\\\/www.dgroupe.fr\\\/wp-content\\\/uploads\\\/2025\\\/11\\\/rse.jpg\",\"datePublished\":\"2025-11-28T15:08:26+00:00\",\"dateModified\":\"2026-02-16T05:23:40+00:00\",\"breadcrumb\":{\"@id\":\"https:\\\/\\\/www.dgroupe.fr\\\/mentions-legales\\\/#breadcrumb\"},\"inLanguage\":\"en-GB\",\"potentialAction\":[{\"@type\":\"ReadAction\",\"target\":[\"https:\\\/\\\/www.dgroupe.fr\\\/mentions-legales\\\/\"]}]},{\"@type\":\"ImageObject\",\"inLanguage\":\"en-GB\",\"@id\":\"https:\\\/\\\/www.dgroupe.fr\\\/mentions-legales\\\/#primaryimage\",\"url\":\"https:\\\/\\\/www.dgroupe.fr\\\/wp-content\\\/uploads\\\/2025\\\/11\\\/rse.jpg\",\"contentUrl\":\"https:\\\/\\\/www.dgroupe.fr\\\/wp-content\\\/uploads\\\/2025\\\/11\\\/rse.jpg\",\"width\":1600,\"height\":1068},{\"@type\":\"BreadcrumbList\",\"@id\":\"https:\\\/\\\/www.dgroupe.fr\\\/mentions-legales\\\/#breadcrumb\",\"itemListElement\":[{\"@type\":\"ListItem\",\"position\":1,\"name\":\"Accueil\",\"item\":\"https:\\\/\\\/www.dgroupe.fr\\\/\"},{\"@type\":\"ListItem\",\"position\":2,\"name\":\"Mentions l\u00e9gales\"}]},{\"@type\":\"WebSite\",\"@id\":\"https:\\\/\\\/www.dgroupe.fr\\\/#website\",\"url\":\"https:\\\/\\\/www.dgroupe.fr\\\/\",\"name\":\"DGroupe\",\"description\":\"Fournisseur de solutions supply chain\",\"publisher\":{\"@id\":\"https:\\\/\\\/www.dgroupe.fr\\\/#organization\"},\"potentialAction\":[{\"@type\":\"SearchAction\",\"target\":{\"@type\":\"EntryPoint\",\"urlTemplate\":\"https:\\\/\\\/www.dgroupe.fr\\\/?s={search_term_string}\"},\"query-input\":{\"@type\":\"PropertyValueSpecification\",\"valueRequired\":true,\"valueName\":\"search_term_string\"}}],\"inLanguage\":\"en-GB\"},{\"@type\":\"Organization\",\"@id\":\"https:\\\/\\\/www.dgroupe.fr\\\/#organization\",\"name\":\"DGroupe\",\"url\":\"https:\\\/\\\/www.dgroupe.fr\\\/\",\"logo\":{\"@type\":\"ImageObject\",\"inLanguage\":\"en-GB\",\"@id\":\"https:\\\/\\\/www.dgroupe.fr\\\/#\\\/schema\\\/logo\\\/image\\\/\",\"url\":\"https:\\\/\\\/www.dgroupe.fr\\\/wp-content\\\/uploads\\\/2025\\\/11\\\/683614629ea4783e47c646ca_D-Groupe-logo-p-500.png\",\"contentUrl\":\"https:\\\/\\\/www.dgroupe.fr\\\/wp-content\\\/uploads\\\/2025\\\/11\\\/683614629ea4783e47c646ca_D-Groupe-logo-p-500.png\",\"width\":500,\"height\":455,\"caption\":\"DGroupe\"},\"image\":{\"@id\":\"https:\\\/\\\/www.dgroupe.fr\\\/#\\\/schema\\\/logo\\\/image\\\/\"}}]}<\/script>\n<!-- \/ Yoast SEO plugin. -->","yoast_head_json":{"title":"Mentions l\u00e9gales - DGroupe","robots":{"index":"noindex","follow":"nofollow"},"og_locale":"en_GB","og_type":"article","og_title":"Mentions l\u00e9gales - DGroupe","og_description":"Mentions l\u00e9galesInformations g\u00e9n\u00e9rales\u200dLe site dgroupe.fr est \u00e9dit\u00e9 par D Groupe Logistique propri\u00e9taire de la SAS Distritec, soci\u00e9t\u00e9 par action simplifi\u00e9e :SIRET 354 038 820 000 32SAS d\u00e9di\u00e9e aux transports routiers de fret interurbains (4941A) - N\u00b0 de TVA FR34 354038820 - Capital de 1 000 000 \u20acAdresse du si\u00e8ge social : 37 Boulevard de Beaubourg, [&hellip;]","og_url":"https:\/\/www.dgroupe.fr\/en\/mentions-legales\/","og_site_name":"DGroupe","article_modified_time":"2026-02-16T05:23:40+00:00","og_image":[{"width":1600,"height":1068,"url":"https:\/\/www.dgroupe.fr\/wp-content\/uploads\/2025\/11\/rse.jpg","type":"image\/jpeg"}],"twitter_card":"summary_large_image","twitter_misc":{"Estimated reading time":"5 minutes"},"schema":{"@context":"https:\/\/schema.org","@graph":[{"@type":"WebPage","@id":"https:\/\/www.dgroupe.fr\/mentions-legales\/","url":"https:\/\/www.dgroupe.fr\/mentions-legales\/","name":"Mentions l\u00e9gales - DGroupe","isPartOf":{"@id":"https:\/\/www.dgroupe.fr\/#website"},"primaryImageOfPage":{"@id":"https:\/\/www.dgroupe.fr\/mentions-legales\/#primaryimage"},"image":{"@id":"https:\/\/www.dgroupe.fr\/mentions-legales\/#primaryimage"},"thumbnailUrl":"https:\/\/www.dgroupe.fr\/wp-content\/uploads\/2025\/11\/rse.jpg","datePublished":"2025-11-28T15:08:26+00:00","dateModified":"2026-02-16T05:23:40+00:00","breadcrumb":{"@id":"https:\/\/www.dgroupe.fr\/mentions-legales\/#breadcrumb"},"inLanguage":"en-GB","potentialAction":[{"@type":"ReadAction","target":["https:\/\/www.dgroupe.fr\/mentions-legales\/"]}]},{"@type":"ImageObject","inLanguage":"en-GB","@id":"https:\/\/www.dgroupe.fr\/mentions-legales\/#primaryimage","url":"https:\/\/www.dgroupe.fr\/wp-content\/uploads\/2025\/11\/rse.jpg","contentUrl":"https:\/\/www.dgroupe.fr\/wp-content\/uploads\/2025\/11\/rse.jpg","width":1600,"height":1068},{"@type":"BreadcrumbList","@id":"https:\/\/www.dgroupe.fr\/mentions-legales\/#breadcrumb","itemListElement":[{"@type":"ListItem","position":1,"name":"Accueil","item":"https:\/\/www.dgroupe.fr\/"},{"@type":"ListItem","position":2,"name":"Mentions l\u00e9gales"}]},{"@type":"WebSite","@id":"https:\/\/www.dgroupe.fr\/#website","url":"https:\/\/www.dgroupe.fr\/","name":"DGroupe","description":"Supplier of supply chain solutions","publisher":{"@id":"https:\/\/www.dgroupe.fr\/#organization"},"potentialAction":[{"@type":"SearchAction","target":{"@type":"EntryPoint","urlTemplate":"https:\/\/www.dgroupe.fr\/?s={search_term_string}"},"query-input":{"@type":"PropertyValueSpecification","valueRequired":true,"valueName":"search_term_string"}}],"inLanguage":"en-GB"},{"@type":"Organization","@id":"https:\/\/www.dgroupe.fr\/#organization","name":"DGroupe","url":"https:\/\/www.dgroupe.fr\/","logo":{"@type":"ImageObject","inLanguage":"en-GB","@id":"https:\/\/www.dgroupe.fr\/#\/schema\/logo\/image\/","url":"https:\/\/www.dgroupe.fr\/wp-content\/uploads\/2025\/11\/683614629ea4783e47c646ca_D-Groupe-logo-p-500.png","contentUrl":"https:\/\/www.dgroupe.fr\/wp-content\/uploads\/2025\/11\/683614629ea4783e47c646ca_D-Groupe-logo-p-500.png","width":500,"height":455,"caption":"DGroupe"},"image":{"@id":"https:\/\/www.dgroupe.fr\/#\/schema\/logo\/image\/"}}]}},"_links":{"self":[{"href":"https:\/\/www.dgroupe.fr\/en\/wp-json\/wp\/v2\/pages\/483","targetHints":{"allow":["GET"]}}],"collection":[{"href":"https:\/\/www.dgroupe.fr\/en\/wp-json\/wp\/v2\/pages"}],"about":[{"href":"https:\/\/www.dgroupe.fr\/en\/wp-json\/wp\/v2\/types\/page"}],"author":[{"embeddable":true,"href":"https:\/\/www.dgroupe.fr\/en\/wp-json\/wp\/v2\/users\/1"}],"replies":[{"embeddable":true,"href":"https:\/\/www.dgroupe.fr\/en\/wp-json\/wp\/v2\/comments?post=483"}],"version-history":[{"count":5,"href":"https:\/\/www.dgroupe.fr\/en\/wp-json\/wp\/v2\/pages\/483\/revisions"}],"predecessor-version":[{"id":1074,"href":"https:\/\/www.dgroupe.fr\/en\/wp-json\/wp\/v2\/pages\/483\/revisions\/1074"}],"wp:featuredmedia":[{"embeddable":true,"href":"https:\/\/www.dgroupe.fr\/en\/wp-json\/wp\/v2\/media\/221"}],"wp:attachment":[{"href":"https:\/\/www.dgroupe.fr\/en\/wp-json\/wp\/v2\/media?parent=483"}],"curies":[{"name":"wp","href":"https:\/\/api.w.org\/{rel}","templated":true}]}}