{"id":305,"date":"2025-11-24T13:21:41","date_gmt":"2025-11-24T13:21:41","guid":{"rendered":"https:\/\/www.fournisseur-supply-chain.fr\/?page_id=305"},"modified":"2026-02-15T07:53:49","modified_gmt":"2026-02-15T07:53:49","slug":"actualites","status":"publish","type":"page","link":"https:\/\/www.dgroupe.fr\/en\/actualites\/","title":{"rendered":"News"},"content":{"rendered":"\n[et_pb_section fb_built=\u00a0\u00bb1&Prime; _builder_version=\u00a0\u00bb4.27.4&Prime; _module_preset=\u00a0\u00bbdefault\u00a0\u00bb background_image=\u00a0\u00bbhttps:\/\/dgroupe.fr\/wp-content\/uploads\/2025\/11\/63be80e4e7c3200cc53c9f70__DSC4429.jpg\u00a0\u00bb parallax=\u00a0\u00bbon\u00a0\u00bb custom_padding=\u00a0\u00bb||0px|||\u00a0\u00bb global_colors_info=\u00a0\u00bb{}\u00a0\u00bb][et_pb_row _builder_version=\u00a0\u00bb4.27.5&Prime; _module_preset=\u00a0\u00bbdefault\u00a0\u00bb custom_margin=\u00a0\u00bb||||false|false\u00a0\u00bb custom_padding=\u00a0\u00bb||1px||false|false\u00a0\u00bb global_colors_info=\u00a0\u00bb{}\u00a0\u00bb][et_pb_column type=\u00a0\u00bb4_4&Prime; _builder_version=\u00a0\u00bb4.27.4&Prime; _module_preset=\u00a0\u00bbdefault\u00a0\u00bb global_colors_info=\u00a0\u00bb{}\u00a0\u00bb][et_pb_text _builder_version=\u00a0\u00bb4.27.5&Prime; _module_preset=\u00a0\u00bbdefault\u00a0\u00bb text_text_color=\u00a0\u00bb#FFFFFF\u00a0\u00bb text_font_size=\u00a0\u00bb18px\u00a0\u00bb header_font=\u00a0\u00bb|700|||||||\u00a0\u00bb header_text_color=\u00a0\u00bb#FFFFFF\u00a0\u00bb header_font_size=\u00a0\u00bb50px\u00a0\u00bb text_orientation=\u00a0\u00bbcenter\u00a0\u00bb custom_padding=\u00a0\u00bb150px||150px||false|false\u00a0\u00bb header_font_size_tablet=\u00a0\u00bb50px\u00a0\u00bb header_font_size_phone=\u00a0\u00bb40px\u00a0\u00bb header_font_size_last_edited=\u00a0\u00bbon|phone\u00a0\u00bb global_colors_info=\u00a0\u00bb{}\u00a0\u00bb]<h1 data-w-id=\"c727de9c-28f6-0d84-254f-289a44bc410c\" class=\"text-white\">Les actualit\u00e9s de D-Groupe<\/h1>[\/et_pb_text][\/et_pb_column][\/et_pb_row][\/et_pb_section][et_pb_section fb_built=\u00a0\u00bb1&Prime; admin_label=\u00a0\u00bbsection\u00a0\u00bb _builder_version=\u00a0\u00bb4.16&Prime; global_colors_info=\u00a0\u00bb{}\u00a0\u00bb][et_pb_row column_structure=\u00a0\u00bb1_2,1_2&Prime; _builder_version=\u00a0\u00bb4.27.5&Prime; _module_preset=\u00a0\u00bbdefault\u00a0\u00bb global_colors_info=\u00a0\u00bb{}\u00a0\u00bb][et_pb_column type=\u00a0\u00bb1_2&Prime; _builder_version=\u00a0\u00bb4.27.5&Prime; _module_preset=\u00a0\u00bbdefault\u00a0\u00bb global_colors_info=\u00a0\u00bb{}\u00a0\u00bb][et_pb_text _builder_version=\u00a0\u00bb4.27.5&Prime; _module_preset=\u00a0\u00bbdefault\u00a0\u00bb global_colors_info=\u00a0\u00bb{}\u00a0\u00bb]<p>Suivez les actualit\u00e9s de D-Groupe<\/p>[\/et_pb_text][\/et_pb_column][et_pb_column type=\u00a0\u00bb1_2&Prime; _builder_version=\u00a0\u00bb4.27.5&Prime; _module_preset=\u00a0\u00bbdefault\u00a0\u00bb global_colors_info=\u00a0\u00bb{}\u00a0\u00bb][et_pb_de_mach_filter_posts filter_update_type=\u00a0\u00bbupdate_field\u00a0\u00bb reset_text=\u00a0\u00bbEffacer le filtre\u00a0\u00bb _builder_version=\u00a0\u00bb4.27.5&Prime; _module_preset=\u00a0\u00bbdefault\u00a0\u00bb custom_reset_filter=\u00a0\u00bbon\u00a0\u00bb reset_filter_text_size=\u00a0\u00bb13px\u00a0\u00bb hover_enabled=\u00a0\u00bb0&Prime; global_colors_info=\u00a0\u00bb{}\u00a0\u00bb sticky_enabled=\u00a0\u00bb0&Prime;][et_pb_de_mach_search_posts_item taxonomy_order=\u00a0\u00bbmenu_order\u00a0\u00bb show_label=\u00a0\u00bboff\u00a0\u00bb field_id=\u00a0\u00bbField_1&Prime; select_placeholder=\u00a0\u00bbFiltrer les articles\u00a0\u00bb _builder_version=\u00a0\u00bb4.27.5&Prime; _module_preset=\u00a0\u00bbdefault\u00a0\u00bb hover_enabled=\u00a0\u00bb0&Prime; global_colors_info=\u00a0\u00bb{}\u00a0\u00bb sticky_enabled=\u00a0\u00bb0&Prime;][\/et_pb_de_mach_search_posts_item][\/et_pb_de_mach_filter_posts][\/et_pb_column][\/et_pb_row][et_pb_row make_equal=\u00a0\u00bbon\u00a0\u00bb admin_label=\u00a0\u00bbrow\u00a0\u00bb _builder_version=\u00a0\u00bb4.27.5&Prime; background_size=\u00a0\u00bbinitial\u00a0\u00bb background_position=\u00a0\u00bbtop_left\u00a0\u00bb background_repeat=\u00a0\u00bbrepeat\u00a0\u00bb global_colors_info=\u00a0\u00bb{}\u00a0\u00bb][et_pb_column type=\u00a0\u00bb4_4&Prime; _builder_version=\u00a0\u00bb4.16&Prime; custom_padding=\u00a0\u00bb|||\u00a0\u00bb global_colors_info=\u00a0\u00bb{}\u00a0\u00bb custom_padding__hover=\u00a0\u00bb|||\u00a0\u00bb][et_pb_db_filter_loop post_type_choose=\u00a0\u00bbpost\u00a0\u00bb cat_loop_style=\u00a0\u00bbon\u00a0\u00bb loop_templates=\u00a0\u00bbdivi-blog\u00a0\u00bb animation_color=\u00a0\u00bb#0A9396&Prime; custom_gutter_width=\u00a0\u00bbon\u00a0\u00bb show_author=\u00a0\u00bboff\u00a0\u00bb date_format=\u00a0\u00bbj F Y\u00a0\u00bb show_content=\u00a0\u00bbnone\u00a0\u00bb _builder_version=\u00a0\u00bb4.27.5&Prime; _module_preset=\u00a0\u00bbdefault\u00a0\u00bb title_font=\u00a0\u00bb&#8211;et_global_heading_font||||||||\u00a0\u00bb border_color_all=\u00a0\u00bbRGBA(255,255,255,0)\u00a0\u00bb border_radii_loop-template-item=\u00a0\u00bbon|25px|25px|25px|25px\u00a0\u00bb box_shadow_style_loop-template-item=\u00a0\u00bbpreset2&Prime; global_colors_info=\u00a0\u00bb{}\u00a0\u00bb][\/et_pb_db_filter_loop][\/et_pb_column][\/et_pb_row][\/et_pb_section]\n","protected":false},"excerpt":{"rendered":"<p>Les actualit\u00e9s de D-GroupeSuivez les actualit\u00e9s de D-Groupe<\/p>","protected":false},"author":1,"featured_media":0,"parent":0,"menu_order":0,"comment_status":"closed","ping_status":"closed","template":"","meta":{"_et_pb_use_builder":"on","_et_pb_old_content":"","_et_gb_content_width":"","footnotes":""},"class_list":["post-305","page","type-page","status-publish","hentry"],"yoast_head":"<!-- This site is optimized with the Yoast SEO plugin v27.3 - https:\/\/yoast.com\/product\/yoast-seo-wordpress\/ -->\n<title>Actualit\u00e9s logistique et supply chain | D Groupe<\/title>\n<meta name=\"description\" content=\"Retrouvez nos actualit\u00e9s en logistique, supply chain et transport : innovations, projets, expertise m\u00e9tier et vie du groupe.\" \/>\n<meta name=\"robots\" content=\"index, follow, max-snippet:-1, max-image-preview:large, max-video-preview:-1\" \/>\n<link rel=\"canonical\" href=\"https:\/\/www.dgroupe.fr\/en\/actualites\/\" \/>\n<meta property=\"og:locale\" content=\"en_GB\" \/>\n<meta property=\"og:type\" content=\"article\" \/>\n<meta property=\"og:title\" content=\"Actualit\u00e9s logistique et supply chain | D Groupe\" \/>\n<meta property=\"og:description\" content=\"Retrouvez nos actualit\u00e9s en logistique, supply chain et transport : innovations, projets, expertise m\u00e9tier et vie du groupe.\" \/>\n<meta property=\"og:url\" content=\"https:\/\/www.dgroupe.fr\/en\/actualites\/\" \/>\n<meta property=\"og:site_name\" content=\"DGroupe\" \/>\n<meta property=\"article:modified_time\" content=\"2026-02-15T07:53:49+00:00\" \/>\n<meta name=\"twitter:card\" content=\"summary_large_image\" \/>\n<meta name=\"twitter:label1\" content=\"Estimated reading time\" \/>\n\t<meta name=\"twitter:data1\" content=\"4 minutes\" \/>\n<script type=\"application\/ld+json\" class=\"yoast-schema-graph\">{\"@context\":\"https:\\\/\\\/schema.org\",\"@graph\":[{\"@type\":\"WebPage\",\"@id\":\"https:\\\/\\\/www.dgroupe.fr\\\/actualites\\\/\",\"url\":\"https:\\\/\\\/www.dgroupe.fr\\\/actualites\\\/\",\"name\":\"Actualit\u00e9s logistique et supply chain | D Groupe\",\"isPartOf\":{\"@id\":\"https:\\\/\\\/www.dgroupe.fr\\\/#website\"},\"datePublished\":\"2025-11-24T13:21:41+00:00\",\"dateModified\":\"2026-02-15T07:53:49+00:00\",\"description\":\"Retrouvez nos actualit\u00e9s en logistique, supply chain et transport : innovations, projets, expertise m\u00e9tier et vie du groupe.\",\"breadcrumb\":{\"@id\":\"https:\\\/\\\/www.dgroupe.fr\\\/actualites\\\/#breadcrumb\"},\"inLanguage\":\"en-GB\",\"potentialAction\":[{\"@type\":\"ReadAction\",\"target\":[\"https:\\\/\\\/www.dgroupe.fr\\\/actualites\\\/\"]}]},{\"@type\":\"BreadcrumbList\",\"@id\":\"https:\\\/\\\/www.dgroupe.fr\\\/actualites\\\/#breadcrumb\",\"itemListElement\":[{\"@type\":\"ListItem\",\"position\":1,\"name\":\"Accueil\",\"item\":\"https:\\\/\\\/www.dgroupe.fr\\\/\"},{\"@type\":\"ListItem\",\"position\":2,\"name\":\"Actualit\u00e9s\"}]},{\"@type\":\"WebSite\",\"@id\":\"https:\\\/\\\/www.dgroupe.fr\\\/#website\",\"url\":\"https:\\\/\\\/www.dgroupe.fr\\\/\",\"name\":\"DGroupe\",\"description\":\"Fournisseur de solutions supply chain\",\"publisher\":{\"@id\":\"https:\\\/\\\/www.dgroupe.fr\\\/#organization\"},\"potentialAction\":[{\"@type\":\"SearchAction\",\"target\":{\"@type\":\"EntryPoint\",\"urlTemplate\":\"https:\\\/\\\/www.dgroupe.fr\\\/?s={search_term_string}\"},\"query-input\":{\"@type\":\"PropertyValueSpecification\",\"valueRequired\":true,\"valueName\":\"search_term_string\"}}],\"inLanguage\":\"en-GB\"},{\"@type\":\"Organization\",\"@id\":\"https:\\\/\\\/www.dgroupe.fr\\\/#organization\",\"name\":\"DGroupe\",\"url\":\"https:\\\/\\\/www.dgroupe.fr\\\/\",\"logo\":{\"@type\":\"ImageObject\",\"inLanguage\":\"en-GB\",\"@id\":\"https:\\\/\\\/www.dgroupe.fr\\\/#\\\/schema\\\/logo\\\/image\\\/\",\"url\":\"https:\\\/\\\/www.dgroupe.fr\\\/wp-content\\\/uploads\\\/2025\\\/11\\\/683614629ea4783e47c646ca_D-Groupe-logo-p-500.png\",\"contentUrl\":\"https:\\\/\\\/www.dgroupe.fr\\\/wp-content\\\/uploads\\\/2025\\\/11\\\/683614629ea4783e47c646ca_D-Groupe-logo-p-500.png\",\"width\":500,\"height\":455,\"caption\":\"DGroupe\"},\"image\":{\"@id\":\"https:\\\/\\\/www.dgroupe.fr\\\/#\\\/schema\\\/logo\\\/image\\\/\"}}]}<\/script>\n<!-- \/ Yoast SEO plugin. -->","yoast_head_json":{"title":"Actualit\u00e9s logistique et supply chain | D Groupe","description":"Retrouvez nos actualit\u00e9s en logistique, supply chain et transport : innovations, projets, expertise m\u00e9tier et vie du groupe.","robots":{"index":"index","follow":"follow","max-snippet":"max-snippet:-1","max-image-preview":"max-image-preview:large","max-video-preview":"max-video-preview:-1"},"canonical":"https:\/\/www.dgroupe.fr\/en\/actualites\/","og_locale":"en_GB","og_type":"article","og_title":"Actualit\u00e9s logistique et supply chain | D Groupe","og_description":"Retrouvez nos actualit\u00e9s en logistique, supply chain et transport : innovations, projets, expertise m\u00e9tier et vie du groupe.","og_url":"https:\/\/www.dgroupe.fr\/en\/actualites\/","og_site_name":"DGroupe","article_modified_time":"2026-02-15T07:53:49+00:00","twitter_card":"summary_large_image","twitter_misc":{"Estimated reading time":"4 minutes"},"schema":{"@context":"https:\/\/schema.org","@graph":[{"@type":"WebPage","@id":"https:\/\/www.dgroupe.fr\/actualites\/","url":"https:\/\/www.dgroupe.fr\/actualites\/","name":"Actualit\u00e9s logistique et supply chain | D Groupe","isPartOf":{"@id":"https:\/\/www.dgroupe.fr\/#website"},"datePublished":"2025-11-24T13:21:41+00:00","dateModified":"2026-02-15T07:53:49+00:00","description":"Retrouvez nos actualit\u00e9s en logistique, supply chain et transport : innovations, projets, expertise m\u00e9tier et vie du groupe.","breadcrumb":{"@id":"https:\/\/www.dgroupe.fr\/actualites\/#breadcrumb"},"inLanguage":"en-GB","potentialAction":[{"@type":"ReadAction","target":["https:\/\/www.dgroupe.fr\/actualites\/"]}]},{"@type":"BreadcrumbList","@id":"https:\/\/www.dgroupe.fr\/actualites\/#breadcrumb","itemListElement":[{"@type":"ListItem","position":1,"name":"Accueil","item":"https:\/\/www.dgroupe.fr\/"},{"@type":"ListItem","position":2,"name":"Actualit\u00e9s"}]},{"@type":"WebSite","@id":"https:\/\/www.dgroupe.fr\/#website","url":"https:\/\/www.dgroupe.fr\/","name":"DGroupe","description":"Supplier of supply chain solutions","publisher":{"@id":"https:\/\/www.dgroupe.fr\/#organization"},"potentialAction":[{"@type":"SearchAction","target":{"@type":"EntryPoint","urlTemplate":"https:\/\/www.dgroupe.fr\/?s={search_term_string}"},"query-input":{"@type":"PropertyValueSpecification","valueRequired":true,"valueName":"search_term_string"}}],"inLanguage":"en-GB"},{"@type":"Organization","@id":"https:\/\/www.dgroupe.fr\/#organization","name":"DGroupe","url":"https:\/\/www.dgroupe.fr\/","logo":{"@type":"ImageObject","inLanguage":"en-GB","@id":"https:\/\/www.dgroupe.fr\/#\/schema\/logo\/image\/","url":"https:\/\/www.dgroupe.fr\/wp-content\/uploads\/2025\/11\/683614629ea4783e47c646ca_D-Groupe-logo-p-500.png","contentUrl":"https:\/\/www.dgroupe.fr\/wp-content\/uploads\/2025\/11\/683614629ea4783e47c646ca_D-Groupe-logo-p-500.png","width":500,"height":455,"caption":"DGroupe"},"image":{"@id":"https:\/\/www.dgroupe.fr\/#\/schema\/logo\/image\/"}}]}},"_links":{"self":[{"href":"https:\/\/www.dgroupe.fr\/en\/wp-json\/wp\/v2\/pages\/305","targetHints":{"allow":["GET"]}}],"collection":[{"href":"https:\/\/www.dgroupe.fr\/en\/wp-json\/wp\/v2\/pages"}],"about":[{"href":"https:\/\/www.dgroupe.fr\/en\/wp-json\/wp\/v2\/types\/page"}],"author":[{"embeddable":true,"href":"https:\/\/www.dgroupe.fr\/en\/wp-json\/wp\/v2\/users\/1"}],"replies":[{"embeddable":true,"href":"https:\/\/www.dgroupe.fr\/en\/wp-json\/wp\/v2\/comments?post=305"}],"version-history":[{"count":29,"href":"https:\/\/www.dgroupe.fr\/en\/wp-json\/wp\/v2\/pages\/305\/revisions"}],"predecessor-version":[{"id":1056,"href":"https:\/\/www.dgroupe.fr\/en\/wp-json\/wp\/v2\/pages\/305\/revisions\/1056"}],"wp:attachment":[{"href":"https:\/\/www.dgroupe.fr\/en\/wp-json\/wp\/v2\/media?parent=305"}],"curies":[{"name":"wp","href":"https:\/\/api.w.org\/{rel}","templated":true}]}}