{"id":3,"date":"2025-11-03T13:48:00","date_gmt":"2025-11-03T13:48:00","guid":{"rendered":"https:\/\/www.fournisseur-supply-chain.fr\/?page_id=3"},"modified":"2026-02-15T07:55:11","modified_gmt":"2026-02-15T07:55:11","slug":"politique-de-confidentialite","status":"publish","type":"page","link":"https:\/\/www.dgroupe.fr\/en\/politique-de-confidentialite\/","title":{"rendered":"Privacy policy"},"content":{"rendered":"\n[et_pb_section fb_built=\u00a0\u00bb1&Prime; _builder_version=\u00a0\u00bb4.27.4&Prime; _module_preset=\u00a0\u00bbdefault\u00a0\u00bb background_image=\u00a0\u00bbhttps:\/\/dgroupe.fr\/wp-content\/uploads\/2025\/11\/63be80e4e7c3200cc53c9f70__DSC4429.jpg\u00a0\u00bb parallax=\u00a0\u00bbon\u00a0\u00bb global_colors_info=\u00a0\u00bb{}\u00a0\u00bb][et_pb_row _builder_version=\u00a0\u00bb4.27.4&Prime; _module_preset=\u00a0\u00bbdefault\u00a0\u00bb global_colors_info=\u00a0\u00bb{}\u00a0\u00bb][et_pb_column type=\u00a0\u00bb4_4&Prime; _builder_version=\u00a0\u00bb4.27.4&Prime; _module_preset=\u00a0\u00bbdefault\u00a0\u00bb global_colors_info=\u00a0\u00bb{}\u00a0\u00bb][et_pb_text _builder_version=\u00a0\u00bb4.27.5&Prime; _module_preset=\u00a0\u00bbdefault\u00a0\u00bb text_text_color=\u00a0\u00bb#FFFFFF\u00a0\u00bb text_font_size=\u00a0\u00bb18px\u00a0\u00bb header_font=\u00a0\u00bb|700|||||||\u00a0\u00bb header_text_color=\u00a0\u00bb#FFFFFF\u00a0\u00bb header_font_size=\u00a0\u00bb50px\u00a0\u00bb text_orientation=\u00a0\u00bbcenter\u00a0\u00bb hover_enabled=\u00a0\u00bb0&Prime; global_colors_info=\u00a0\u00bb{}\u00a0\u00bb custom_padding=\u00a0\u00bb150px||150px||false|false\u00a0\u00bb sticky_enabled=\u00a0\u00bb0&Prime;]<h1 data-w-id=\"c727de9c-28f6-0d84-254f-289a44bc410c\" class=\"text-white\">Politique de confidentialit\u00e9<\/h1>[\/et_pb_text][\/et_pb_column][\/et_pb_row][\/et_pb_section][et_pb_section fb_built=\u00a0\u00bb1&Prime; _builder_version=\u00a0\u00bb4.16&Prime; _module_preset=\u00a0\u00bbdefault\u00a0\u00bb custom_padding=\u00a0\u00bb2px||0px|||\u00a0\u00bb global_colors_info=\u00a0\u00bb{}\u00a0\u00bb][et_pb_row use_custom_gutter=\u00a0\u00bbon\u00a0\u00bb gutter_width=\u00a0\u00bb1&Prime; _builder_version=\u00a0\u00bb4.27.4&Prime; _module_preset=\u00a0\u00bbdefault\u00a0\u00bb background_enable_color=\u00a0\u00bboff\u00a0\u00bb width=\u00a0\u00bb100%\u00a0\u00bb max_width=\u00a0\u00bb1029px\u00a0\u00bb module_alignment=\u00a0\u00bbcenter\u00a0\u00bb custom_margin=\u00a0\u00bb0px|auto||auto|false|false\u00a0\u00bb custom_padding=\u00a0\u00bb0px||0px|||\u00a0\u00bb custom_css_main_element=\u00a0\u00bbdisplay: flex;||align-items: center;||\u00a0\u00bb global_colors_info=\u00a0\u00bb{}\u00a0\u00bb][et_pb_column type=\u00a0\u00bb4_4&Prime; _builder_version=\u00a0\u00bb4.16&Prime; _module_preset=\u00a0\u00bbdefault\u00a0\u00bb global_colors_info=\u00a0\u00bb{}\u00a0\u00bb][et_pb_text _builder_version=\u00a0\u00bb4.27.4&Prime; _module_preset=\u00a0\u00bbdefault\u00a0\u00bb text_font_size=\u00a0\u00bb18px\u00a0\u00bb text_line_height=\u00a0\u00bb1.8em\u00a0\u00bb header_2_font_size=\u00a0\u00bb40px\u00a0\u00bb custom_padding=\u00a0\u00bb50px|50px|50px|50px|true|true\u00a0\u00bb global_colors_info=\u00a0\u00bb{}\u00a0\u00bb]<p><strong>Pr\u00e9ambule<\/strong><br \/><span>D-GROUPE reconna\u00eet l\u2019importance de traiter les donn\u00e9es \u00e0 caract\u00e8re personnel conform\u00e9ment aux dispositions du R\u00e8glement 2016\/679 du 27avril 2017 relatif \u00e0 la protection des personnes physiques \u00e0 l\u2019\u00e9gard du traitement des donn\u00e9es \u00e0 caract\u00e8re personnel (ci-apr\u00e8s \u00ab RGPD \u00bb) et \u00e0 la libre circulation de ces donn\u00e9es ainsi qu\u2019aux dispositions l\u00e9gales et r\u00e9glementaires nationales et europ\u00e9ennes.<\/span><br \/><span>Par cons\u00e9quent, la pr\u00e9sente Politique a vocation \u00e0 pr\u00e9senter aux personnes concern\u00e9es, visiteurs et utilisateurs du site internet D-GROUPE, l\u2019ensemble des informations relatives aux traitements de donn\u00e9es personnelles r\u00e9alis\u00e9s par D-GROUPE, permettant ainsi le respect de l\u2019exigence de transparence conform\u00e9ment au RGPD.<\/span><\/p>\n<p><strong>D\u00e9finitions<br \/>\u200d<\/strong><span>Afin d\u2019\u00eatre le plus transparent et clair possible quant \u00e0 l\u2019information que D-GROUPE communique aux visiteurs et utilisateurs de son site internet, vous trouverez ci-dessous un ensemble de d\u00e9finitions permettant la bonne compr\u00e9hension de la pr\u00e9sente politique :<\/span><br \/><span>\u200d<\/span><strong>\u00ab Donn\u00e9es personnelles \u00bb<\/strong><span>\u00a0: toute information se rapportant \u00e0 une personne physique identifi\u00e9e ou pouvant \u00eatre identifi\u00e9e directement ou indirectement.<\/span><br \/><span>\u200d<\/span><strong>\u00ab Traitement \u00bb<\/strong><span>\u00a0: toute op\u00e9ration ou ensemble d\u2019op\u00e9rations effectu\u00e9es sur une ou plusieurs donn\u00e9es personnelles (collecte, enregistrement, utilisation, effacement\u2026).<\/span><br \/><span>\u200d<\/span><strong>\u00ab Responsable de traitement \u00bb<\/strong><span>\u00a0: toute personne physique ou morale qui d\u00e9termine les finalit\u00e9s et moyens du traitement.<\/span><br \/><span>\u200d<\/span><strong>\u00ab Sous-traitant \u00bb<\/strong><span>\u00a0: toute personne physique ou morale traitant des donn\u00e9es pour le compte du Responsable de traitement.<\/span><\/p>\n<p><strong>Article 1 \u2013 Le Responsable de traitement<br \/>\u200d<\/strong><span>D-GROUPE, Soci\u00e9t\u00e9 par Actions Simplifi\u00e9e, agit en qualit\u00e9 de Responsable de traitement quant aux donn\u00e9es personnelles collect\u00e9es via son site internet.<\/span><\/p>\n<p><strong>Article 2 \u2013 Bases l\u00e9gales et finalit\u00e9s des traitements<\/strong><span><\/span><br \/><span>Le site portail D-GROUPE met en \u0153uvre plusieurs traitements de donn\u00e9es personnelles ayant pour finalit\u00e9 d\u2019assurer la communication, l\u2019\u00e9change d\u2019informations avec les clients et la bonne ex\u00e9cution de ses prestations.<\/span><br \/><span>Les bases l\u00e9gales des traitements sont : le consentement, l\u2019ex\u00e9cution d\u2019un contrat, l\u2019int\u00e9r\u00eat l\u00e9gitime de D-GROUPE, le respect d\u2019une obligation l\u00e9gale.<\/span><\/p>\n<p><strong>Traitements reposant sur votre consentement :<\/strong><span><\/span><br \/><span>&#8211; R\u00e9pondre aux demandes via le formulaire de contact<\/span><br \/><span>&#8211; R\u00e9pondre aux demandes de candidatures via l\u2019espace emploi<\/span><\/p>\n<p><span>\u200d<\/span><strong>Traitements reposant sur une obligation l\u00e9gale :<\/strong><span><\/span><br \/><span>&#8211; Conservation des donn\u00e9es relatives aux obligations l\u00e9gales de s\u00e9curit\u00e9 et fiscales<\/span><\/p>\n<p><span>\u200d<\/span><strong>Traitements reposant sur l\u2019int\u00e9r\u00eat l\u00e9gitime de D-GROUPE :<\/strong><span><\/span><br \/><span>&#8211; Gestion de la relation client<\/span><br \/><span>&#8211; Mesure d\u2019audience du site internet (Google Analytics)<\/span><br \/><span>&#8211; Analyse comportementale et ciblage des visiteurs du site<\/span><\/p>\n<p><strong>Article 3 \u2013 Les cat\u00e9gories de donn\u00e9es personnelles collect\u00e9es<br \/>\u200d<\/strong><span>Les donn\u00e9es sont collect\u00e9es via les formulaires du site ou lors de la cr\u00e9ation de comptes candidats, ainsi que certaines donn\u00e9es techniques (adresses IP, logs).D-GROUPE respecte le principe de minimisation du RGPD : seules les donn\u00e9es strictement n\u00e9cessaires sont collect\u00e9es.<\/span><\/p>\n<p><strong>Donn\u00e9es collectives<\/strong><span><\/span><br \/><span>&#8211; Identification : Nom, Pr\u00e9nom, Civilit\u00e9, Commentaires<\/span><br \/><span>&#8211; Coordonn\u00e9es : Adresses e-mail, Num\u00e9ro de t\u00e9l\u00e9phone<\/span><br \/><span>&#8211; Donn\u00e9es techniques : Adresse IP, Donn\u00e9es de navigation ,logs<\/span><\/p>\n<p><strong>Article 4 \u2013 Destinataires des donn\u00e9es personnelles<br \/>\u200d<\/strong><span>Les donn\u00e9es collect\u00e9es sont exclusivement accessibles aux salari\u00e9s D-GROUPE habilit\u00e9s \u00e0 traiter votre demande. Aucune donn\u00e9e n\u2019est c\u00e9d\u00e9e ou divulgu\u00e9e \u00e0 des tiers, hors sous-traitants ou traitement par Google Inc. pour les donn\u00e9es techniques.<\/span><\/p>\n<p><strong>Article 5 \u2013 Sous-traitance de donn\u00e9es<br \/>\u200d<\/strong><span>D-GROUPE peut faire appel \u00e0 des sous-traitants pour l\u2019ex\u00e9cution de ses prestations (h\u00e9bergement, gestion des candidatures, communication, etc.).D-GROUPE garantit le respect des obligations du RGPD par l\u2019ensemble de ses sous-traitants, notamment par la conclusion de contrats sp\u00e9cifiques.<\/span><\/p>\n<p><strong>Article 6 \u2013 Transfert hors Union Europ\u00e9enne<br \/>\u200d<\/strong><span>D-GROUPE ne transf\u00e8re aucune donn\u00e9e hors UE.<\/span><br \/><span>En cas de transfert futur, toutes mesures de protection ad\u00e9quates seront mises en place.<\/span><\/p>\n<p><strong>Article 7 \u2013 Dur\u00e9e de conservation des donn\u00e9es<br \/>\u200d<\/strong><span>D-GROUPE conserve les donn\u00e9es uniquement le temps n\u00e9cessaire \u00e0 la finalit\u00e9 :<\/span><br \/><span>&#8211; Visiteurs \/ utilisateurs : Dur\u00e9e du traitement + 2 ans apr\u00e8s derni\u00e8re visite<\/span><br \/><span>&#8211; Candidatures : 2 ans apr\u00e8s la derni\u00e8re intervention<\/span><br \/><span>&#8211; Donn\u00e9es techniques (logs) : 6 mois<\/span><br \/><span>&#8211; Cookies : 13 mois<\/span><br \/><span>\u200d<\/span><br \/><span>Les utilisateurs peuvent demander la suppression imm\u00e9diate de leurs donn\u00e9es via : contactweb@dgroupe.fr<\/span><\/p>\n<p><strong>Article 8 \u2013 Exercice de vos droits<br \/>\u200d<\/strong><span>Conform\u00e9ment au RGPD et \u00e0 la loi Informatique et Libert\u00e9s, vous disposez des droits :<\/span><br \/><span>&#8211; \u00a0Acc\u00e8s<\/span><br \/><span>&#8211; Rectification<\/span><br \/><span>&#8211; Suppression<\/span><br \/><span>&#8211; Limitation<\/span><br \/><span>&#8211; Opposition<\/span><br \/><span>&#8211; Portabilit\u00e9<\/span><br \/><span>&#8211; R\u00e9clamation aupr\u00e8s de la CNIL<\/span><br \/><span>Exercice des droits via :<\/span><br \/><span>\ud83d\udce7\u00a0<\/span><strong>contactweb@dgroupe.fr<br \/>\u200d<\/strong><span>\ud83d\udcec \u00c0l\u2019attention du Service Juridique<\/span><br \/><span>D-GROUPE<\/span><\/p>\n<p><strong>Article 9 \u2013 Mesures de s\u00e9curit\u00e9<br \/>\u200d<\/strong><span>D-GROUPE met en place l\u2019ensemble des mesures de s\u00e9curit\u00e9 techniques et organisationnelles n\u00e9cessaires \u00e0 la protection des donn\u00e9es.<\/span><br \/><span>\u200d<\/span><br \/><strong>Article 10 \u2013 Mise \u00e0 jour de la Politique<br \/>\u200d<\/strong><span>La politique peut \u00eatre modifi\u00e9e \u00e0 tout moment. La version la plus r\u00e9cente pr\u00e9vaut.<\/span><\/p>\n<p><strong>Article 11 \u2013 Informations compl\u00e9mentaires<br \/>\u200d<\/strong><span>Pour toute question :<\/span><br \/><span>\ud83d\udce7DPO :\u00a0<\/span><strong>RGPD@d-groupe.com<\/strong><br \/><span>\ud83c\udf10CNIL :\u00a0<\/span><a href=\"https:\/\/www.cnil.fr\/\" target=\"_new\">https:\/\/www.cnil.fr\/<\/a><span>\u200d<\/span><strong>\u200d<\/strong><\/p>[\/et_pb_text][\/et_pb_column][\/et_pb_row][\/et_pb_section]\n","protected":false},"excerpt":{"rendered":"<p>Politique de confidentialit\u00e9Pr\u00e9ambuleD-GROUPE reconna\u00eet l\u2019importance de traiter les donn\u00e9es \u00e0 caract\u00e8re personnel conform\u00e9ment aux dispositions du R\u00e8glement 2016\/679 du 27avril 2017 relatif \u00e0 la protection des personnes physiques \u00e0 l\u2019\u00e9gard du traitement des donn\u00e9es \u00e0 caract\u00e8re personnel (ci-apr\u00e8s \u00ab RGPD \u00bb) et \u00e0 la libre circulation de ces donn\u00e9es ainsi qu\u2019aux dispositions l\u00e9gales et r\u00e9glementaires [&hellip;]<\/p>\n","protected":false},"author":1,"featured_media":221,"parent":0,"menu_order":0,"comment_status":"closed","ping_status":"closed","template":"","meta":{"_et_pb_use_builder":"on","_et_pb_old_content":"<!-- wp:heading -->\n<h2 class=\"wp-block-heading\">Who we are<\/h2>\n<!-- \/wp:heading -->\n<!-- wp:paragraph -->\n<p><strong class=\"privacy-policy-tutorial\">Suggested text: <\/strong>Our website address is: https:\/\/dgroupe.fr.<\/p>\n<!-- \/wp:paragraph -->\n<!-- wp:heading -->\n<h2 class=\"wp-block-heading\">Comments<\/h2>\n<!-- \/wp:heading -->\n<!-- wp:paragraph -->\n<p><strong class=\"privacy-policy-tutorial\">Suggested text: <\/strong>When visitors leave comments on the site we collect the data shown in the comments form, and also the visitor&#8217;s IP address and browser user agent string to help spam detection.<\/p>\n<!-- \/wp:paragraph -->\n<!-- wp:paragraph -->\n<p>An anonymized string created from your email address (also called a hash) may be provided to the Gravatar service to see if you are using it. The Gravatar service privacy policy is available here: https:\/\/automattic.com\/privacy\/. After approval of your comment, your profile picture is visible to the public in the context of your comment.<\/p>\n<!-- \/wp:paragraph -->\n<!-- wp:heading -->\n<h2 class=\"wp-block-heading\">Media<\/h2>\n<!-- \/wp:heading -->\n<!-- wp:paragraph -->\n<p><strong class=\"privacy-policy-tutorial\">Suggested text: <\/strong>If you upload images to the website, you should avoid uploading images with embedded location data (EXIF GPS) included. Visitors to the website can download and extract any location data from images on the website.<\/p>\n<!-- \/wp:paragraph -->\n<!-- wp:heading -->\n<h2 class=\"wp-block-heading\">Cookies<\/h2>\n<!-- \/wp:heading -->\n<!-- wp:paragraph -->\n<p><strong class=\"privacy-policy-tutorial\">Suggested text: <\/strong>If you leave a comment on our site you may opt-in to saving your name, email address and website in cookies. These are for your convenience so that you do not have to fill in your details again when you leave another comment. These cookies will last for one year.<\/p>\n<!-- \/wp:paragraph -->\n<!-- wp:paragraph -->\n<p>If you visit our login page, we will set a temporary cookie to determine if your browser accepts cookies. This cookie contains no personal data and is discarded when you close your browser.<\/p>\n<!-- \/wp:paragraph -->\n<!-- wp:paragraph -->\n<p>When you log in, we will also set up several cookies to save your login information and your screen display choices. Login cookies last for two days, and screen options cookies last for a year. If you select &quot;Remember Me&quot;, your login will persist for two weeks. If you log out of your account, the login cookies will be removed.<\/p>\n<!-- \/wp:paragraph -->\n<!-- wp:paragraph -->\n<p>If you edit or publish an article, an additional cookie will be saved in your browser. This cookie includes no personal data and simply indicates the post ID of the article you just edited. It expires after 1 day.<\/p>\n<!-- \/wp:paragraph -->\n<!-- wp:heading -->\n<h2 class=\"wp-block-heading\">Embedded content from other websites<\/h2>\n<!-- \/wp:heading -->\n<!-- wp:paragraph -->\n<p><strong class=\"privacy-policy-tutorial\">Suggested text: <\/strong>Articles on this site may include embedded content (e.g. videos, images, articles, etc.). Embedded content from other websites behaves in the exact same way as if the visitor has visited the other website.<\/p>\n<!-- \/wp:paragraph -->\n<!-- wp:paragraph -->\n<p>These websites may collect data about you, use cookies, embed additional third-party tracking, and monitor your interaction with that embedded content, including tracking your interaction with the embedded content if you have an account and are logged in to that website.<\/p>\n<!-- \/wp:paragraph -->\n<!-- wp:heading -->\n<h2 class=\"wp-block-heading\">Who we share your data with<\/h2>\n<!-- \/wp:heading -->\n<!-- wp:paragraph -->\n<p><strong class=\"privacy-policy-tutorial\">Suggested text: <\/strong>If you request a password reset, your IP address will be included in the reset email.<\/p>\n<!-- \/wp:paragraph -->\n<!-- wp:heading -->\n<h2 class=\"wp-block-heading\">How long we retain your data<\/h2>\n<!-- \/wp:heading -->\n<!-- wp:paragraph -->\n<p><strong class=\"privacy-policy-tutorial\">Suggested text: <\/strong>If you leave a comment, the comment and its metadata are retained indefinitely. This is so we can recognize and approve any follow-up comments automatically instead of holding them in a moderation queue.<\/p>\n<!-- \/wp:paragraph -->\n<!-- wp:paragraph -->\n<p>For users that register on our website (if any), we also store the personal information they provide in their user profile. All users can see, edit, or delete their personal information at any time (except they cannot change their username). Website administrators can also see and edit that information.<\/p>\n<!-- \/wp:paragraph -->\n<!-- wp:heading -->\n<h2 class=\"wp-block-heading\">What rights you have over your data<\/h2>\n<!-- \/wp:heading -->\n<!-- wp:paragraph -->\n<p><strong class=\"privacy-policy-tutorial\">Suggested text: <\/strong>If you have an account on this site, or have left comments, you can request to receive an exported file of the personal data we hold about you, including any data you have provided to us. You can also request that we erase any personal data we hold about you. This does not include any data we are obliged to keep for administrative, legal, or security purposes.<\/p>\n<!-- \/wp:paragraph -->\n<!-- wp:heading -->\n<h2 class=\"wp-block-heading\">Where your data is sent<\/h2>\n<!-- \/wp:heading -->\n<!-- wp:paragraph -->\n<p><strong class=\"privacy-policy-tutorial\">Suggested text: <\/strong>Visitor comments may be checked through an automated spam detection service.<\/p>\n<!-- \/wp:paragraph -->\n","_et_gb_content_width":"","footnotes":""},"class_list":["post-3","page","type-page","status-publish","has-post-thumbnail","hentry"],"yoast_head":"<!-- This site is optimized with the Yoast SEO plugin v27.3 - https:\/\/yoast.com\/product\/yoast-seo-wordpress\/ -->\n<title>Politique de confidentialit\u00e9 - DGroupe<\/title>\n<meta name=\"robots\" content=\"noindex, nofollow\" \/>\n<meta property=\"og:locale\" content=\"en_GB\" \/>\n<meta property=\"og:type\" content=\"article\" \/>\n<meta property=\"og:title\" content=\"Politique de confidentialit\u00e9 - DGroupe\" \/>\n<meta property=\"og:description\" content=\"Politique de confidentialit\u00e9Pr\u00e9ambuleD-GROUPE reconna\u00eet l\u2019importance de traiter les donn\u00e9es \u00e0 caract\u00e8re personnel conform\u00e9ment aux dispositions du R\u00e8glement 2016\/679 du 27avril 2017 relatif \u00e0 la protection des personnes physiques \u00e0 l\u2019\u00e9gard du traitement des donn\u00e9es \u00e0 caract\u00e8re personnel (ci-apr\u00e8s \u00ab RGPD \u00bb) et \u00e0 la libre circulation de ces donn\u00e9es ainsi qu\u2019aux dispositions l\u00e9gales et r\u00e9glementaires [&hellip;]\" \/>\n<meta property=\"og:url\" content=\"https:\/\/www.dgroupe.fr\/en\/politique-de-confidentialite\/\" \/>\n<meta property=\"og:site_name\" content=\"DGroupe\" \/>\n<meta property=\"article:modified_time\" content=\"2026-02-15T07:55:11+00:00\" \/>\n<meta property=\"og:image\" content=\"https:\/\/www.dgroupe.fr\/wp-content\/uploads\/2025\/11\/rse.jpg\" \/>\n\t<meta property=\"og:image:width\" content=\"1600\" \/>\n\t<meta property=\"og:image:height\" content=\"1068\" \/>\n\t<meta property=\"og:image:type\" content=\"image\/jpeg\" \/>\n<meta name=\"twitter:card\" content=\"summary_large_image\" \/>\n<meta name=\"twitter:label1\" content=\"Estimated reading time\" \/>\n\t<meta name=\"twitter:data1\" content=\"4 minutes\" \/>\n<script type=\"application\/ld+json\" class=\"yoast-schema-graph\">{\"@context\":\"https:\\\/\\\/schema.org\",\"@graph\":[{\"@type\":\"WebPage\",\"@id\":\"https:\\\/\\\/www.dgroupe.fr\\\/politique-de-confidentialite\\\/\",\"url\":\"https:\\\/\\\/www.dgroupe.fr\\\/politique-de-confidentialite\\\/\",\"name\":\"Politique de confidentialit\u00e9 - DGroupe\",\"isPartOf\":{\"@id\":\"https:\\\/\\\/www.dgroupe.fr\\\/#website\"},\"primaryImageOfPage\":{\"@id\":\"https:\\\/\\\/www.dgroupe.fr\\\/politique-de-confidentialite\\\/#primaryimage\"},\"image\":{\"@id\":\"https:\\\/\\\/www.dgroupe.fr\\\/politique-de-confidentialite\\\/#primaryimage\"},\"thumbnailUrl\":\"https:\\\/\\\/www.dgroupe.fr\\\/wp-content\\\/uploads\\\/2025\\\/11\\\/rse.jpg\",\"datePublished\":\"2025-11-03T13:48:00+00:00\",\"dateModified\":\"2026-02-15T07:55:11+00:00\",\"breadcrumb\":{\"@id\":\"https:\\\/\\\/www.dgroupe.fr\\\/politique-de-confidentialite\\\/#breadcrumb\"},\"inLanguage\":\"en-GB\",\"potentialAction\":[{\"@type\":\"ReadAction\",\"target\":[\"https:\\\/\\\/www.dgroupe.fr\\\/politique-de-confidentialite\\\/\"]}]},{\"@type\":\"ImageObject\",\"inLanguage\":\"en-GB\",\"@id\":\"https:\\\/\\\/www.dgroupe.fr\\\/politique-de-confidentialite\\\/#primaryimage\",\"url\":\"https:\\\/\\\/www.dgroupe.fr\\\/wp-content\\\/uploads\\\/2025\\\/11\\\/rse.jpg\",\"contentUrl\":\"https:\\\/\\\/www.dgroupe.fr\\\/wp-content\\\/uploads\\\/2025\\\/11\\\/rse.jpg\",\"width\":1600,\"height\":1068},{\"@type\":\"BreadcrumbList\",\"@id\":\"https:\\\/\\\/www.dgroupe.fr\\\/politique-de-confidentialite\\\/#breadcrumb\",\"itemListElement\":[{\"@type\":\"ListItem\",\"position\":1,\"name\":\"Accueil\",\"item\":\"https:\\\/\\\/www.dgroupe.fr\\\/\"},{\"@type\":\"ListItem\",\"position\":2,\"name\":\"Politique de confidentialit\u00e9\"}]},{\"@type\":\"WebSite\",\"@id\":\"https:\\\/\\\/www.dgroupe.fr\\\/#website\",\"url\":\"https:\\\/\\\/www.dgroupe.fr\\\/\",\"name\":\"DGroupe\",\"description\":\"Fournisseur de solutions supply chain\",\"publisher\":{\"@id\":\"https:\\\/\\\/www.dgroupe.fr\\\/#organization\"},\"potentialAction\":[{\"@type\":\"SearchAction\",\"target\":{\"@type\":\"EntryPoint\",\"urlTemplate\":\"https:\\\/\\\/www.dgroupe.fr\\\/?s={search_term_string}\"},\"query-input\":{\"@type\":\"PropertyValueSpecification\",\"valueRequired\":true,\"valueName\":\"search_term_string\"}}],\"inLanguage\":\"en-GB\"},{\"@type\":\"Organization\",\"@id\":\"https:\\\/\\\/www.dgroupe.fr\\\/#organization\",\"name\":\"DGroupe\",\"url\":\"https:\\\/\\\/www.dgroupe.fr\\\/\",\"logo\":{\"@type\":\"ImageObject\",\"inLanguage\":\"en-GB\",\"@id\":\"https:\\\/\\\/www.dgroupe.fr\\\/#\\\/schema\\\/logo\\\/image\\\/\",\"url\":\"https:\\\/\\\/www.dgroupe.fr\\\/wp-content\\\/uploads\\\/2025\\\/11\\\/683614629ea4783e47c646ca_D-Groupe-logo-p-500.png\",\"contentUrl\":\"https:\\\/\\\/www.dgroupe.fr\\\/wp-content\\\/uploads\\\/2025\\\/11\\\/683614629ea4783e47c646ca_D-Groupe-logo-p-500.png\",\"width\":500,\"height\":455,\"caption\":\"DGroupe\"},\"image\":{\"@id\":\"https:\\\/\\\/www.dgroupe.fr\\\/#\\\/schema\\\/logo\\\/image\\\/\"}}]}<\/script>\n<!-- \/ Yoast SEO plugin. -->","yoast_head_json":{"title":"Politique de confidentialit\u00e9 - DGroupe","robots":{"index":"noindex","follow":"nofollow"},"og_locale":"en_GB","og_type":"article","og_title":"Politique de confidentialit\u00e9 - DGroupe","og_description":"Politique de confidentialit\u00e9Pr\u00e9ambuleD-GROUPE reconna\u00eet l\u2019importance de traiter les donn\u00e9es \u00e0 caract\u00e8re personnel conform\u00e9ment aux dispositions du R\u00e8glement 2016\/679 du 27avril 2017 relatif \u00e0 la protection des personnes physiques \u00e0 l\u2019\u00e9gard du traitement des donn\u00e9es \u00e0 caract\u00e8re personnel (ci-apr\u00e8s \u00ab RGPD \u00bb) et \u00e0 la libre circulation de ces donn\u00e9es ainsi qu\u2019aux dispositions l\u00e9gales et r\u00e9glementaires [&hellip;]","og_url":"https:\/\/www.dgroupe.fr\/en\/politique-de-confidentialite\/","og_site_name":"DGroupe","article_modified_time":"2026-02-15T07:55:11+00:00","og_image":[{"width":1600,"height":1068,"url":"https:\/\/www.dgroupe.fr\/wp-content\/uploads\/2025\/11\/rse.jpg","type":"image\/jpeg"}],"twitter_card":"summary_large_image","twitter_misc":{"Estimated reading time":"4 minutes"},"schema":{"@context":"https:\/\/schema.org","@graph":[{"@type":"WebPage","@id":"https:\/\/www.dgroupe.fr\/politique-de-confidentialite\/","url":"https:\/\/www.dgroupe.fr\/politique-de-confidentialite\/","name":"Politique de confidentialit\u00e9 - DGroupe","isPartOf":{"@id":"https:\/\/www.dgroupe.fr\/#website"},"primaryImageOfPage":{"@id":"https:\/\/www.dgroupe.fr\/politique-de-confidentialite\/#primaryimage"},"image":{"@id":"https:\/\/www.dgroupe.fr\/politique-de-confidentialite\/#primaryimage"},"thumbnailUrl":"https:\/\/www.dgroupe.fr\/wp-content\/uploads\/2025\/11\/rse.jpg","datePublished":"2025-11-03T13:48:00+00:00","dateModified":"2026-02-15T07:55:11+00:00","breadcrumb":{"@id":"https:\/\/www.dgroupe.fr\/politique-de-confidentialite\/#breadcrumb"},"inLanguage":"en-GB","potentialAction":[{"@type":"ReadAction","target":["https:\/\/www.dgroupe.fr\/politique-de-confidentialite\/"]}]},{"@type":"ImageObject","inLanguage":"en-GB","@id":"https:\/\/www.dgroupe.fr\/politique-de-confidentialite\/#primaryimage","url":"https:\/\/www.dgroupe.fr\/wp-content\/uploads\/2025\/11\/rse.jpg","contentUrl":"https:\/\/www.dgroupe.fr\/wp-content\/uploads\/2025\/11\/rse.jpg","width":1600,"height":1068},{"@type":"BreadcrumbList","@id":"https:\/\/www.dgroupe.fr\/politique-de-confidentialite\/#breadcrumb","itemListElement":[{"@type":"ListItem","position":1,"name":"Accueil","item":"https:\/\/www.dgroupe.fr\/"},{"@type":"ListItem","position":2,"name":"Politique de confidentialit\u00e9"}]},{"@type":"WebSite","@id":"https:\/\/www.dgroupe.fr\/#website","url":"https:\/\/www.dgroupe.fr\/","name":"DGroupe","description":"Supplier of supply chain solutions","publisher":{"@id":"https:\/\/www.dgroupe.fr\/#organization"},"potentialAction":[{"@type":"SearchAction","target":{"@type":"EntryPoint","urlTemplate":"https:\/\/www.dgroupe.fr\/?s={search_term_string}"},"query-input":{"@type":"PropertyValueSpecification","valueRequired":true,"valueName":"search_term_string"}}],"inLanguage":"en-GB"},{"@type":"Organization","@id":"https:\/\/www.dgroupe.fr\/#organization","name":"DGroupe","url":"https:\/\/www.dgroupe.fr\/","logo":{"@type":"ImageObject","inLanguage":"en-GB","@id":"https:\/\/www.dgroupe.fr\/#\/schema\/logo\/image\/","url":"https:\/\/www.dgroupe.fr\/wp-content\/uploads\/2025\/11\/683614629ea4783e47c646ca_D-Groupe-logo-p-500.png","contentUrl":"https:\/\/www.dgroupe.fr\/wp-content\/uploads\/2025\/11\/683614629ea4783e47c646ca_D-Groupe-logo-p-500.png","width":500,"height":455,"caption":"DGroupe"},"image":{"@id":"https:\/\/www.dgroupe.fr\/#\/schema\/logo\/image\/"}}]}},"_links":{"self":[{"href":"https:\/\/www.dgroupe.fr\/en\/wp-json\/wp\/v2\/pages\/3","targetHints":{"allow":["GET"]}}],"collection":[{"href":"https:\/\/www.dgroupe.fr\/en\/wp-json\/wp\/v2\/pages"}],"about":[{"href":"https:\/\/www.dgroupe.fr\/en\/wp-json\/wp\/v2\/types\/page"}],"author":[{"embeddable":true,"href":"https:\/\/www.dgroupe.fr\/en\/wp-json\/wp\/v2\/users\/1"}],"replies":[{"embeddable":true,"href":"https:\/\/www.dgroupe.fr\/en\/wp-json\/wp\/v2\/comments?post=3"}],"version-history":[{"count":5,"href":"https:\/\/www.dgroupe.fr\/en\/wp-json\/wp\/v2\/pages\/3\/revisions"}],"predecessor-version":[{"id":1058,"href":"https:\/\/www.dgroupe.fr\/en\/wp-json\/wp\/v2\/pages\/3\/revisions\/1058"}],"wp:featuredmedia":[{"embeddable":true,"href":"https:\/\/www.dgroupe.fr\/en\/wp-json\/wp\/v2\/media\/221"}],"wp:attachment":[{"href":"https:\/\/www.dgroupe.fr\/en\/wp-json\/wp\/v2\/media?parent=3"}],"curies":[{"name":"wp","href":"https:\/\/api.w.org\/{rel}","templated":true}]}}