{"id":107,"date":"2025-11-23T08:54:29","date_gmt":"2025-11-23T08:54:29","guid":{"rendered":"https:\/\/www.fournisseur-supply-chain.fr\/?page_id=107"},"modified":"2026-02-15T07:57:17","modified_gmt":"2026-02-15T07:57:17","slug":"contact","status":"publish","type":"page","link":"https:\/\/www.dgroupe.fr\/en\/contact\/","title":{"rendered":"Contact"},"content":{"rendered":"\n[et_pb_section fb_built=\u00a0\u00bb1&Prime; fullwidth=\u00a0\u00bbon\u00a0\u00bb _builder_version=\u00a0\u00bb4.16&Prime; _module_preset=\u00a0\u00bbdefault\u00a0\u00bb global_colors_info=\u00a0\u00bb{}\u00a0\u00bb][et_pb_fullwidth_post_title meta=\u00a0\u00bboff\u00a0\u00bb featured_placement=\u00a0\u00bbbackground\u00a0\u00bb _builder_version=\u00a0\u00bb4.27.5&Prime; _module_preset=\u00a0\u00bbdefault\u00a0\u00bb title_font=\u00a0\u00bb|700|||||||\u00a0\u00bb title_text_align=\u00a0\u00bbcenter\u00a0\u00bb title_text_color=\u00a0\u00bb#FFFFFF\u00a0\u00bb title_font_size=\u00a0\u00bb55px\u00a0\u00bb hover_enabled=\u00a0\u00bb0&Prime; title_font_size_tablet=\u00a0\u00bb55px\u00a0\u00bb title_font_size_phone=\u00a0\u00bb40px\u00a0\u00bb title_font_size_last_edited=\u00a0\u00bbon|phone\u00a0\u00bb global_colors_info=\u00a0\u00bb{}\u00a0\u00bb sticky_enabled=\u00a0\u00bb0&Prime; custom_padding=\u00a0\u00bb150px||150px||false|false\u00a0\u00bb][\/et_pb_fullwidth_post_title][\/et_pb_section][et_pb_section fb_built=\u00a0\u00bb1&Prime; _builder_version=\u00a0\u00bb4.16&Prime; _module_preset=\u00a0\u00bbdefault\u00a0\u00bb global_colors_info=\u00a0\u00bb{}\u00a0\u00bb][et_pb_row column_structure=\u00a0\u00bb1_2,1_2&Prime; _builder_version=\u00a0\u00bb4.16&Prime; _module_preset=\u00a0\u00bbdefault\u00a0\u00bb global_colors_info=\u00a0\u00bb{}\u00a0\u00bb][et_pb_column type=\u00a0\u00bb1_2&Prime; _builder_version=\u00a0\u00bb4.16&Prime; _module_preset=\u00a0\u00bbdefault\u00a0\u00bb global_colors_info=\u00a0\u00bb{}\u00a0\u00bb][et_pb_text _builder_version=\u00a0\u00bb4.27.4&Prime; _module_preset=\u00a0\u00bbdefault\u00a0\u00bb global_colors_info=\u00a0\u00bb{}\u00a0\u00bb]<div class=\"contacts-title\">\n<h2 data-w-id=\"623dbe5a-2f8c-af8d-645a-09f8f74b7342\">Contactez D-Groupe<\/h2>\n<p data-w-id=\"6fd70183-160b-4ca3-6f77-e0bb036de701\" class=\"paragraph-large dark-gray contact\">Nos \u00e9quipes support auront plaisir \u00e0 vous r\u00e9pondre dans les meilleurs d\u00e9lais.<\/p>\n<\/div>[\/et_pb_text][et_pb_text _builder_version=\u00a0\u00bb4.27.4&Prime; _module_preset=\u00a0\u00bbdefault\u00a0\u00bb global_colors_info=\u00a0\u00bb{}\u00a0\u00bb]<div class=\"contacts-title\">\n<h3>EMERAINVILLE<\/h3>\n<div class=\"contacts-detail\">\n<p class=\"paragraph-large paragraph-no-margin\">37 Boulevard de Beaubourg<br \/>77184 EMERAINVILLE<\/p>\n<\/div>\n<div class=\"contacts-detail\"><a href=\"tel:+33164618191\" class=\"paragraph-no-margin\">+33 1 64 61 81 91<\/a><\/div>\n<\/div>[\/et_pb_text][et_pb_image src=\u00a0\u00bbhttps:\/\/dgroupe.fr\/wp-content\/uploads\/2026\/01\/Capture-decran-2026-01-09-a-10.45.22.png\u00a0\u00bb title_text=\u00a0\u00bbCapture d\u2019e\u0301cran 2026-01-09 a\u0300 10.45.22&Prime; url=\u00a0\u00bbhttps:\/\/www.google.com\/maps\/place\/37+Bd+de+Beaubourg,+77184+%C3%89merainville\/@48.816622,2.6130229,17z\/data=!4m15!1m8!3m7!1s0x47e60f996b2ce659:0xf57dd2a71d670cb8!2s37+Bd+de+Beaubourg,+77184+%C3%89merainville!3b1!8m2!3d48.8166185!4d2.6156032!16s%2Fg%2F11c1_cdqxw!3m5!1s0x47e60f996b2ce659:0xf57dd2a71d670cb8!8m2!3d48.8166185!4d2.6156032!16s%2Fg%2F11c1_cdqxw?entry=ttu&#038;g_ep=EgoyMDI2MDEwNi4wIKXMDSoASAFQAw%3D%3D\u00a0\u00bb _builder_version=\u00a0\u00bb4.27.5&Prime; _module_preset=\u00a0\u00bbdefault\u00a0\u00bb global_colors_info=\u00a0\u00bb{}\u00a0\u00bb][\/et_pb_image][\/et_pb_column][et_pb_column type=\u00a0\u00bb1_2&Prime; _builder_version=\u00a0\u00bb4.16&Prime; _module_preset=\u00a0\u00bbdefault\u00a0\u00bb global_colors_info=\u00a0\u00bb{}\u00a0\u00bb][et_pb_contact_form captcha=\u00a0\u00bboff\u00a0\u00bb email=\u00a0\u00bbcontactweb@dgroupe.fr\u00a0\u00bb title=\u00a0\u00bbOu \u00e9crivez-nous via le formulaire de contact\u00a0\u00bb custom_message=\u00a0\u00bbBonjour, ||et_pb_line_break_holder||||et_pb_line_break_holder||Vous avez re\u00e7u un mail depuis le formulaire de contact du site : ||et_pb_line_break_holder||||et_pb_line_break_holder||Nom :  %%Name%%||et_pb_line_break_holder||Entreprise : %%entreprise%%||et_pb_line_break_holder||Raison du contact %%Raisons_du_contact%%||et_pb_line_break_holder||Adresse mail  %%Email%%||et_pb_line_break_holder||t\u00e9l\u00e9phone : %%T\u00e9l\u00e9phone%%||et_pb_line_break_holder||Message : %%Message%%||et_pb_line_break_holder||Politique de confidentialit\u00e9 : %%\u00a0\u00bb submit_button_text=\u00a0\u00bbContactez-nous\u00a0\u00bb _builder_version=\u00a0\u00bb4.27.5&Prime; _module_preset=\u00a0\u00bbdefault\u00a0\u00bb _unique_id=\u00a0\u00bb8fe9cb3f-46d5-492c-8093-e0cc8d76fce6&Prime; custom_button=\u00a0\u00bbon\u00a0\u00bb button_text_size=\u00a0\u00bb17px\u00a0\u00bb button_text_color=\u00a0\u00bb#FFFFFF\u00a0\u00bb button_bg_color=\u00a0\u00bb#D71813&Prime; button_border_color=\u00a0\u00bb#FFFFFF\u00a0\u00bb button_border_radius=\u00a0\u00bb36px\u00a0\u00bb button_icon_color=\u00a0\u00bb#FFFFFF\u00a0\u00bb global_colors_info=\u00a0\u00bb{}\u00a0\u00bb button_bg_color__hover_enabled=\u00a0\u00bbon|desktop\u00a0\u00bb button_bg_color__hover=\u00a0\u00bb#494444&Prime; button_bg_enable_color__hover=\u00a0\u00bbon\u00a0\u00bb][et_pb_contact_field field_id=\u00a0\u00bbName\u00a0\u00bb field_title=\u00a0\u00bbNom\u00a0\u00bb _builder_version=\u00a0\u00bb4.16&Prime; global_colors_info=\u00a0\u00bb{}\u00a0\u00bb button_text_size__hover_enabled=\u00a0\u00bboff\u00a0\u00bb button_one_text_size__hover_enabled=\u00a0\u00bboff\u00a0\u00bb button_two_text_size__hover_enabled=\u00a0\u00bboff\u00a0\u00bb button_text_color__hover_enabled=\u00a0\u00bboff\u00a0\u00bb button_one_text_color__hover_enabled=\u00a0\u00bboff\u00a0\u00bb button_two_text_color__hover_enabled=\u00a0\u00bboff\u00a0\u00bb button_border_width__hover_enabled=\u00a0\u00bboff\u00a0\u00bb button_one_border_width__hover_enabled=\u00a0\u00bboff\u00a0\u00bb button_two_border_width__hover_enabled=\u00a0\u00bboff\u00a0\u00bb button_border_color__hover_enabled=\u00a0\u00bboff\u00a0\u00bb button_one_border_color__hover_enabled=\u00a0\u00bboff\u00a0\u00bb button_two_border_color__hover_enabled=\u00a0\u00bboff\u00a0\u00bb button_border_radius__hover_enabled=\u00a0\u00bboff\u00a0\u00bb button_one_border_radius__hover_enabled=\u00a0\u00bboff\u00a0\u00bb button_two_border_radius__hover_enabled=\u00a0\u00bboff\u00a0\u00bb button_letter_spacing__hover_enabled=\u00a0\u00bboff\u00a0\u00bb button_one_letter_spacing__hover_enabled=\u00a0\u00bboff\u00a0\u00bb button_two_letter_spacing__hover_enabled=\u00a0\u00bboff\u00a0\u00bb button_bg_color__hover_enabled=\u00a0\u00bboff\u00a0\u00bb button_one_bg_color__hover_enabled=\u00a0\u00bboff\u00a0\u00bb button_two_bg_color__hover_enabled=\u00a0\u00bboff\u00a0\u00bb][\/et_pb_contact_field][et_pb_contact_field field_id=\u00a0\u00bbEntreprise\u00a0\u00bb field_title=\u00a0\u00bbEntreprise\u00a0\u00bb _builder_version=\u00a0\u00bb4.16&Prime; global_colors_info=\u00a0\u00bb{}\u00a0\u00bb button_text_size__hover_enabled=\u00a0\u00bboff\u00a0\u00bb button_one_text_size__hover_enabled=\u00a0\u00bboff\u00a0\u00bb button_two_text_size__hover_enabled=\u00a0\u00bboff\u00a0\u00bb button_text_color__hover_enabled=\u00a0\u00bboff\u00a0\u00bb button_one_text_color__hover_enabled=\u00a0\u00bboff\u00a0\u00bb button_two_text_color__hover_enabled=\u00a0\u00bboff\u00a0\u00bb button_border_width__hover_enabled=\u00a0\u00bboff\u00a0\u00bb button_one_border_width__hover_enabled=\u00a0\u00bboff\u00a0\u00bb button_two_border_width__hover_enabled=\u00a0\u00bboff\u00a0\u00bb button_border_color__hover_enabled=\u00a0\u00bboff\u00a0\u00bb button_one_border_color__hover_enabled=\u00a0\u00bboff\u00a0\u00bb button_two_border_color__hover_enabled=\u00a0\u00bboff\u00a0\u00bb button_border_radius__hover_enabled=\u00a0\u00bboff\u00a0\u00bb button_one_border_radius__hover_enabled=\u00a0\u00bboff\u00a0\u00bb button_two_border_radius__hover_enabled=\u00a0\u00bboff\u00a0\u00bb button_letter_spacing__hover_enabled=\u00a0\u00bboff\u00a0\u00bb button_one_letter_spacing__hover_enabled=\u00a0\u00bboff\u00a0\u00bb button_two_letter_spacing__hover_enabled=\u00a0\u00bboff\u00a0\u00bb button_bg_color__hover_enabled=\u00a0\u00bboff\u00a0\u00bb button_one_bg_color__hover_enabled=\u00a0\u00bboff\u00a0\u00bb button_two_bg_color__hover_enabled=\u00a0\u00bboff\u00a0\u00bb][\/et_pb_contact_field][et_pb_contact_field field_id=\u00a0\u00bbRaisons_du_contact\u00a0\u00bb field_title=\u00a0\u00bbRaisons du contact\u00a0\u00bb fullwidth_field=\u00a0\u00bbon\u00a0\u00bb _builder_version=\u00a0\u00bb4.16&Prime; global_colors_info=\u00a0\u00bb{}\u00a0\u00bb button_text_size__hover_enabled=\u00a0\u00bboff\u00a0\u00bb button_one_text_size__hover_enabled=\u00a0\u00bboff\u00a0\u00bb button_two_text_size__hover_enabled=\u00a0\u00bboff\u00a0\u00bb button_text_color__hover_enabled=\u00a0\u00bboff\u00a0\u00bb button_one_text_color__hover_enabled=\u00a0\u00bboff\u00a0\u00bb button_two_text_color__hover_enabled=\u00a0\u00bboff\u00a0\u00bb button_border_width__hover_enabled=\u00a0\u00bboff\u00a0\u00bb button_one_border_width__hover_enabled=\u00a0\u00bboff\u00a0\u00bb button_two_border_width__hover_enabled=\u00a0\u00bboff\u00a0\u00bb button_border_color__hover_enabled=\u00a0\u00bboff\u00a0\u00bb button_one_border_color__hover_enabled=\u00a0\u00bboff\u00a0\u00bb button_two_border_color__hover_enabled=\u00a0\u00bboff\u00a0\u00bb button_border_radius__hover_enabled=\u00a0\u00bboff\u00a0\u00bb button_one_border_radius__hover_enabled=\u00a0\u00bboff\u00a0\u00bb button_two_border_radius__hover_enabled=\u00a0\u00bboff\u00a0\u00bb button_letter_spacing__hover_enabled=\u00a0\u00bboff\u00a0\u00bb button_one_letter_spacing__hover_enabled=\u00a0\u00bboff\u00a0\u00bb button_two_letter_spacing__hover_enabled=\u00a0\u00bboff\u00a0\u00bb button_bg_color__hover_enabled=\u00a0\u00bboff\u00a0\u00bb button_one_bg_color__hover_enabled=\u00a0\u00bboff\u00a0\u00bb button_two_bg_color__hover_enabled=\u00a0\u00bboff\u00a0\u00bb][\/et_pb_contact_field][et_pb_contact_field field_id=\u00a0\u00bbEmail\u00a0\u00bb field_title=\u00a0\u00bbAdresse e-mail\u00a0\u00bb field_type=\u00a0\u00bbemail\u00a0\u00bb _builder_version=\u00a0\u00bb4.16&Prime; global_colors_info=\u00a0\u00bb{}\u00a0\u00bb button_text_size__hover_enabled=\u00a0\u00bboff\u00a0\u00bb button_one_text_size__hover_enabled=\u00a0\u00bboff\u00a0\u00bb button_two_text_size__hover_enabled=\u00a0\u00bboff\u00a0\u00bb button_text_color__hover_enabled=\u00a0\u00bboff\u00a0\u00bb button_one_text_color__hover_enabled=\u00a0\u00bboff\u00a0\u00bb button_two_text_color__hover_enabled=\u00a0\u00bboff\u00a0\u00bb button_border_width__hover_enabled=\u00a0\u00bboff\u00a0\u00bb button_one_border_width__hover_enabled=\u00a0\u00bboff\u00a0\u00bb button_two_border_width__hover_enabled=\u00a0\u00bboff\u00a0\u00bb button_border_color__hover_enabled=\u00a0\u00bboff\u00a0\u00bb button_one_border_color__hover_enabled=\u00a0\u00bboff\u00a0\u00bb button_two_border_color__hover_enabled=\u00a0\u00bboff\u00a0\u00bb button_border_radius__hover_enabled=\u00a0\u00bboff\u00a0\u00bb button_one_border_radius__hover_enabled=\u00a0\u00bboff\u00a0\u00bb button_two_border_radius__hover_enabled=\u00a0\u00bboff\u00a0\u00bb button_letter_spacing__hover_enabled=\u00a0\u00bboff\u00a0\u00bb button_one_letter_spacing__hover_enabled=\u00a0\u00bboff\u00a0\u00bb button_two_letter_spacing__hover_enabled=\u00a0\u00bboff\u00a0\u00bb button_bg_color__hover_enabled=\u00a0\u00bboff\u00a0\u00bb button_one_bg_color__hover_enabled=\u00a0\u00bboff\u00a0\u00bb button_two_bg_color__hover_enabled=\u00a0\u00bboff\u00a0\u00bb][\/et_pb_contact_field][et_pb_contact_field field_id=\u00a0\u00bbT\u00e9l\u00e9phone\u00a0\u00bb field_title=\u00a0\u00bbT\u00e9l\u00e9phone\u00a0\u00bb _builder_version=\u00a0\u00bb4.16&Prime; _module_preset=\u00a0\u00bbdefault\u00a0\u00bb global_colors_info=\u00a0\u00bb{}\u00a0\u00bb][\/et_pb_contact_field][et_pb_contact_field field_id=\u00a0\u00bbMessage\u00a0\u00bb field_title=\u00a0\u00bbMessage\u00a0\u00bb field_type=\u00a0\u00bbtext\u00a0\u00bb fullwidth_field=\u00a0\u00bbon\u00a0\u00bb _builder_version=\u00a0\u00bb4.16&Prime; global_colors_info=\u00a0\u00bb{}\u00a0\u00bb button_text_size__hover_enabled=\u00a0\u00bboff\u00a0\u00bb button_one_text_size__hover_enabled=\u00a0\u00bboff\u00a0\u00bb button_two_text_size__hover_enabled=\u00a0\u00bboff\u00a0\u00bb button_text_color__hover_enabled=\u00a0\u00bboff\u00a0\u00bb button_one_text_color__hover_enabled=\u00a0\u00bboff\u00a0\u00bb button_two_text_color__hover_enabled=\u00a0\u00bboff\u00a0\u00bb button_border_width__hover_enabled=\u00a0\u00bboff\u00a0\u00bb button_one_border_width__hover_enabled=\u00a0\u00bboff\u00a0\u00bb button_two_border_width__hover_enabled=\u00a0\u00bboff\u00a0\u00bb button_border_color__hover_enabled=\u00a0\u00bboff\u00a0\u00bb button_one_border_color__hover_enabled=\u00a0\u00bboff\u00a0\u00bb button_two_border_color__hover_enabled=\u00a0\u00bboff\u00a0\u00bb button_border_radius__hover_enabled=\u00a0\u00bboff\u00a0\u00bb button_one_border_radius__hover_enabled=\u00a0\u00bboff\u00a0\u00bb button_two_border_radius__hover_enabled=\u00a0\u00bboff\u00a0\u00bb button_letter_spacing__hover_enabled=\u00a0\u00bboff\u00a0\u00bb button_one_letter_spacing__hover_enabled=\u00a0\u00bboff\u00a0\u00bb button_two_letter_spacing__hover_enabled=\u00a0\u00bboff\u00a0\u00bb button_bg_color__hover_enabled=\u00a0\u00bboff\u00a0\u00bb button_one_bg_color__hover_enabled=\u00a0\u00bboff\u00a0\u00bb button_two_bg_color__hover_enabled=\u00a0\u00bboff\u00a0\u00bb][\/et_pb_contact_field][et_pb_contact_field field_id=\u00a0\u00bbPolitique_de_confidentialit\u00e9\u00a0\u00bb field_title=\u00a0\u00bbPolitique de confidentialit\u00e9\u00a0\u00bb field_type=\u00a0\u00bbcheckbox\u00a0\u00bb checkbox_options=\u00a0\u00bb%91{%22value%22:%22J&rsquo;accepte que les informations saisies soient utilis\u00e9es pour me recontacter dans le cadre de ma demande et de la relation commerciale qui peut en d\u00e9couler, conform\u00e9ment \u00e0 la politique de confidentialit\u00e9.%22,%22checked%22:0,%22dragID%22:-1}%93&Prime; fullwidth_field=\u00a0\u00bbon\u00a0\u00bb _builder_version=\u00a0\u00bb4.16&Prime; _module_preset=\u00a0\u00bbdefault\u00a0\u00bb global_colors_info=\u00a0\u00bb{}\u00a0\u00bb][\/et_pb_contact_field][\/et_pb_contact_form][\/et_pb_column][\/et_pb_row][\/et_pb_section]\n","protected":false},"excerpt":{"rendered":"<p>Contactez D-Groupe Nos \u00e9quipes support auront plaisir \u00e0 vous r\u00e9pondre dans les meilleurs d\u00e9lais. EMERAINVILLE 37 Boulevard de Beaubourg77184 EMERAINVILLE +33 1 64 61 81 91<\/p>","protected":false},"author":1,"featured_media":354,"parent":0,"menu_order":0,"comment_status":"closed","ping_status":"closed","template":"","meta":{"_et_pb_use_builder":"on","_et_pb_old_content":"","_et_gb_content_width":"","footnotes":""},"class_list":["post-107","page","type-page","status-publish","has-post-thumbnail","hentry"],"yoast_head":"<!-- This site is optimized with the Yoast SEO plugin v27.3 - https:\/\/yoast.com\/product\/yoast-seo-wordpress\/ -->\n<title>Contact | D Groupe \u2013 Prestataire logistique<\/title>\n<meta name=\"description\" content=\"Contactez D Groupe pour vos besoins en logistique, supply chain, transport sp\u00e9cialis\u00e9 ou stockage. Notre \u00e9quipe vous r\u00e9pond rapidement.\" \/>\n<meta name=\"robots\" content=\"index, follow, max-snippet:-1, max-image-preview:large, max-video-preview:-1\" \/>\n<link rel=\"canonical\" href=\"https:\/\/www.dgroupe.fr\/en\/contact\/\" \/>\n<meta property=\"og:locale\" content=\"en_GB\" \/>\n<meta property=\"og:type\" content=\"article\" \/>\n<meta property=\"og:title\" content=\"Contact | D Groupe \u2013 Prestataire logistique\" \/>\n<meta property=\"og:description\" content=\"Contactez D Groupe pour vos besoins en logistique, supply chain, transport sp\u00e9cialis\u00e9 ou stockage. Notre \u00e9quipe vous r\u00e9pond rapidement.\" \/>\n<meta property=\"og:url\" content=\"https:\/\/www.dgroupe.fr\/en\/contact\/\" \/>\n<meta property=\"og:site_name\" content=\"DGroupe\" \/>\n<meta property=\"article:modified_time\" content=\"2026-02-15T07:57:17+00:00\" \/>\n<meta property=\"og:image\" content=\"https:\/\/www.dgroupe.fr\/wp-content\/uploads\/2025\/11\/63be8c7b0c5629645ef5e2fc__DSC4659.jpg\" \/>\n\t<meta property=\"og:image:width\" content=\"1840\" \/>\n\t<meta property=\"og:image:height\" content=\"1228\" \/>\n\t<meta property=\"og:image:type\" content=\"image\/jpeg\" \/>\n<meta name=\"twitter:card\" content=\"summary_large_image\" \/>\n<meta name=\"twitter:label1\" content=\"Estimated reading time\" \/>\n\t<meta name=\"twitter:data1\" content=\"1 minute\" \/>\n<script type=\"application\/ld+json\" class=\"yoast-schema-graph\">{\"@context\":\"https:\\\/\\\/schema.org\",\"@graph\":[{\"@type\":\"WebPage\",\"@id\":\"https:\\\/\\\/www.dgroupe.fr\\\/contact\\\/\",\"url\":\"https:\\\/\\\/www.dgroupe.fr\\\/contact\\\/\",\"name\":\"Contact | D Groupe \u2013 Prestataire logistique\",\"isPartOf\":{\"@id\":\"https:\\\/\\\/www.dgroupe.fr\\\/#website\"},\"primaryImageOfPage\":{\"@id\":\"https:\\\/\\\/www.dgroupe.fr\\\/contact\\\/#primaryimage\"},\"image\":{\"@id\":\"https:\\\/\\\/www.dgroupe.fr\\\/contact\\\/#primaryimage\"},\"thumbnailUrl\":\"https:\\\/\\\/www.dgroupe.fr\\\/wp-content\\\/uploads\\\/2025\\\/11\\\/63be8c7b0c5629645ef5e2fc__DSC4659.jpg\",\"datePublished\":\"2025-11-23T08:54:29+00:00\",\"dateModified\":\"2026-02-15T07:57:17+00:00\",\"description\":\"Contactez D Groupe pour vos besoins en logistique, supply chain, transport sp\u00e9cialis\u00e9 ou stockage. Notre \u00e9quipe vous r\u00e9pond rapidement.\",\"breadcrumb\":{\"@id\":\"https:\\\/\\\/www.dgroupe.fr\\\/contact\\\/#breadcrumb\"},\"inLanguage\":\"en-GB\",\"potentialAction\":[{\"@type\":\"ReadAction\",\"target\":[\"https:\\\/\\\/www.dgroupe.fr\\\/contact\\\/\"]}]},{\"@type\":\"ImageObject\",\"inLanguage\":\"en-GB\",\"@id\":\"https:\\\/\\\/www.dgroupe.fr\\\/contact\\\/#primaryimage\",\"url\":\"https:\\\/\\\/www.dgroupe.fr\\\/wp-content\\\/uploads\\\/2025\\\/11\\\/63be8c7b0c5629645ef5e2fc__DSC4659.jpg\",\"contentUrl\":\"https:\\\/\\\/www.dgroupe.fr\\\/wp-content\\\/uploads\\\/2025\\\/11\\\/63be8c7b0c5629645ef5e2fc__DSC4659.jpg\",\"width\":1840,\"height\":1228},{\"@type\":\"BreadcrumbList\",\"@id\":\"https:\\\/\\\/www.dgroupe.fr\\\/contact\\\/#breadcrumb\",\"itemListElement\":[{\"@type\":\"ListItem\",\"position\":1,\"name\":\"Accueil\",\"item\":\"https:\\\/\\\/www.dgroupe.fr\\\/\"},{\"@type\":\"ListItem\",\"position\":2,\"name\":\"Contact\"}]},{\"@type\":\"WebSite\",\"@id\":\"https:\\\/\\\/www.dgroupe.fr\\\/#website\",\"url\":\"https:\\\/\\\/www.dgroupe.fr\\\/\",\"name\":\"DGroupe\",\"description\":\"Fournisseur de solutions supply chain\",\"publisher\":{\"@id\":\"https:\\\/\\\/www.dgroupe.fr\\\/#organization\"},\"potentialAction\":[{\"@type\":\"SearchAction\",\"target\":{\"@type\":\"EntryPoint\",\"urlTemplate\":\"https:\\\/\\\/www.dgroupe.fr\\\/?s={search_term_string}\"},\"query-input\":{\"@type\":\"PropertyValueSpecification\",\"valueRequired\":true,\"valueName\":\"search_term_string\"}}],\"inLanguage\":\"en-GB\"},{\"@type\":\"Organization\",\"@id\":\"https:\\\/\\\/www.dgroupe.fr\\\/#organization\",\"name\":\"DGroupe\",\"url\":\"https:\\\/\\\/www.dgroupe.fr\\\/\",\"logo\":{\"@type\":\"ImageObject\",\"inLanguage\":\"en-GB\",\"@id\":\"https:\\\/\\\/www.dgroupe.fr\\\/#\\\/schema\\\/logo\\\/image\\\/\",\"url\":\"https:\\\/\\\/www.dgroupe.fr\\\/wp-content\\\/uploads\\\/2025\\\/11\\\/683614629ea4783e47c646ca_D-Groupe-logo-p-500.png\",\"contentUrl\":\"https:\\\/\\\/www.dgroupe.fr\\\/wp-content\\\/uploads\\\/2025\\\/11\\\/683614629ea4783e47c646ca_D-Groupe-logo-p-500.png\",\"width\":500,\"height\":455,\"caption\":\"DGroupe\"},\"image\":{\"@id\":\"https:\\\/\\\/www.dgroupe.fr\\\/#\\\/schema\\\/logo\\\/image\\\/\"}}]}<\/script>\n<!-- \/ Yoast SEO plugin. -->","yoast_head_json":{"title":"Contact | D Groupe \u2013 Prestataire logistique","description":"Contactez D Groupe pour vos besoins en logistique, supply chain, transport sp\u00e9cialis\u00e9 ou stockage. Notre \u00e9quipe vous r\u00e9pond rapidement.","robots":{"index":"index","follow":"follow","max-snippet":"max-snippet:-1","max-image-preview":"max-image-preview:large","max-video-preview":"max-video-preview:-1"},"canonical":"https:\/\/www.dgroupe.fr\/en\/contact\/","og_locale":"en_GB","og_type":"article","og_title":"Contact | D Groupe \u2013 Prestataire logistique","og_description":"Contactez D Groupe pour vos besoins en logistique, supply chain, transport sp\u00e9cialis\u00e9 ou stockage. Notre \u00e9quipe vous r\u00e9pond rapidement.","og_url":"https:\/\/www.dgroupe.fr\/en\/contact\/","og_site_name":"DGroupe","article_modified_time":"2026-02-15T07:57:17+00:00","og_image":[{"width":1840,"height":1228,"url":"https:\/\/www.dgroupe.fr\/wp-content\/uploads\/2025\/11\/63be8c7b0c5629645ef5e2fc__DSC4659.jpg","type":"image\/jpeg"}],"twitter_card":"summary_large_image","twitter_misc":{"Estimated reading time":"1 minute"},"schema":{"@context":"https:\/\/schema.org","@graph":[{"@type":"WebPage","@id":"https:\/\/www.dgroupe.fr\/contact\/","url":"https:\/\/www.dgroupe.fr\/contact\/","name":"Contact | D Groupe \u2013 Prestataire logistique","isPartOf":{"@id":"https:\/\/www.dgroupe.fr\/#website"},"primaryImageOfPage":{"@id":"https:\/\/www.dgroupe.fr\/contact\/#primaryimage"},"image":{"@id":"https:\/\/www.dgroupe.fr\/contact\/#primaryimage"},"thumbnailUrl":"https:\/\/www.dgroupe.fr\/wp-content\/uploads\/2025\/11\/63be8c7b0c5629645ef5e2fc__DSC4659.jpg","datePublished":"2025-11-23T08:54:29+00:00","dateModified":"2026-02-15T07:57:17+00:00","description":"Contactez D Groupe pour vos besoins en logistique, supply chain, transport sp\u00e9cialis\u00e9 ou stockage. Notre \u00e9quipe vous r\u00e9pond rapidement.","breadcrumb":{"@id":"https:\/\/www.dgroupe.fr\/contact\/#breadcrumb"},"inLanguage":"en-GB","potentialAction":[{"@type":"ReadAction","target":["https:\/\/www.dgroupe.fr\/contact\/"]}]},{"@type":"ImageObject","inLanguage":"en-GB","@id":"https:\/\/www.dgroupe.fr\/contact\/#primaryimage","url":"https:\/\/www.dgroupe.fr\/wp-content\/uploads\/2025\/11\/63be8c7b0c5629645ef5e2fc__DSC4659.jpg","contentUrl":"https:\/\/www.dgroupe.fr\/wp-content\/uploads\/2025\/11\/63be8c7b0c5629645ef5e2fc__DSC4659.jpg","width":1840,"height":1228},{"@type":"BreadcrumbList","@id":"https:\/\/www.dgroupe.fr\/contact\/#breadcrumb","itemListElement":[{"@type":"ListItem","position":1,"name":"Accueil","item":"https:\/\/www.dgroupe.fr\/"},{"@type":"ListItem","position":2,"name":"Contact"}]},{"@type":"WebSite","@id":"https:\/\/www.dgroupe.fr\/#website","url":"https:\/\/www.dgroupe.fr\/","name":"DGroupe","description":"Supplier of supply chain solutions","publisher":{"@id":"https:\/\/www.dgroupe.fr\/#organization"},"potentialAction":[{"@type":"SearchAction","target":{"@type":"EntryPoint","urlTemplate":"https:\/\/www.dgroupe.fr\/?s={search_term_string}"},"query-input":{"@type":"PropertyValueSpecification","valueRequired":true,"valueName":"search_term_string"}}],"inLanguage":"en-GB"},{"@type":"Organization","@id":"https:\/\/www.dgroupe.fr\/#organization","name":"DGroupe","url":"https:\/\/www.dgroupe.fr\/","logo":{"@type":"ImageObject","inLanguage":"en-GB","@id":"https:\/\/www.dgroupe.fr\/#\/schema\/logo\/image\/","url":"https:\/\/www.dgroupe.fr\/wp-content\/uploads\/2025\/11\/683614629ea4783e47c646ca_D-Groupe-logo-p-500.png","contentUrl":"https:\/\/www.dgroupe.fr\/wp-content\/uploads\/2025\/11\/683614629ea4783e47c646ca_D-Groupe-logo-p-500.png","width":500,"height":455,"caption":"DGroupe"},"image":{"@id":"https:\/\/www.dgroupe.fr\/#\/schema\/logo\/image\/"}}]}},"_links":{"self":[{"href":"https:\/\/www.dgroupe.fr\/en\/wp-json\/wp\/v2\/pages\/107","targetHints":{"allow":["GET"]}}],"collection":[{"href":"https:\/\/www.dgroupe.fr\/en\/wp-json\/wp\/v2\/pages"}],"about":[{"href":"https:\/\/www.dgroupe.fr\/en\/wp-json\/wp\/v2\/types\/page"}],"author":[{"embeddable":true,"href":"https:\/\/www.dgroupe.fr\/en\/wp-json\/wp\/v2\/users\/1"}],"replies":[{"embeddable":true,"href":"https:\/\/www.dgroupe.fr\/en\/wp-json\/wp\/v2\/comments?post=107"}],"version-history":[{"count":12,"href":"https:\/\/www.dgroupe.fr\/en\/wp-json\/wp\/v2\/pages\/107\/revisions"}],"predecessor-version":[{"id":1060,"href":"https:\/\/www.dgroupe.fr\/en\/wp-json\/wp\/v2\/pages\/107\/revisions\/1060"}],"wp:featuredmedia":[{"embeddable":true,"href":"https:\/\/www.dgroupe.fr\/en\/wp-json\/wp\/v2\/media\/354"}],"wp:attachment":[{"href":"https:\/\/www.dgroupe.fr\/en\/wp-json\/wp\/v2\/media?parent=107"}],"curies":[{"name":"wp","href":"https:\/\/api.w.org\/{rel}","templated":true}]}}