{"id":103,"date":"2025-11-23T08:54:11","date_gmt":"2025-11-23T08:54:11","guid":{"rendered":"https:\/\/www.fournisseur-supply-chain.fr\/?page_id=103"},"modified":"2026-02-15T07:51:29","modified_gmt":"2026-02-15T07:51:29","slug":"rejoindre-d-groupe","status":"publish","type":"page","link":"https:\/\/www.dgroupe.fr\/en\/rejoindre-d-groupe\/","title":{"rendered":"Join D-Groupe"},"content":{"rendered":"\n[et_pb_section fb_built=\u00a0\u00bb1&Prime; fullwidth=\u00a0\u00bbon\u00a0\u00bb _builder_version=\u00a0\u00bb4.16&Prime; _module_preset=\u00a0\u00bbdefault\u00a0\u00bb global_colors_info=\u00a0\u00bb{}\u00a0\u00bb][et_pb_fullwidth_post_title meta=\u00a0\u00bboff\u00a0\u00bb featured_placement=\u00a0\u00bbbackground\u00a0\u00bb _builder_version=\u00a0\u00bb4.27.5&Prime; _module_preset=\u00a0\u00bbdefault\u00a0\u00bb title_font=\u00a0\u00bb|700|||||||\u00a0\u00bb title_text_align=\u00a0\u00bbcenter\u00a0\u00bb title_text_color=\u00a0\u00bb#FFFFFF\u00a0\u00bb title_font_size=\u00a0\u00bb55px\u00a0\u00bb hover_enabled=\u00a0\u00bb0&Prime; title_font_size_tablet=\u00a0\u00bb55px\u00a0\u00bb title_font_size_phone=\u00a0\u00bb40px\u00a0\u00bb title_font_size_last_edited=\u00a0\u00bbon|phone\u00a0\u00bb global_colors_info=\u00a0\u00bb{}\u00a0\u00bb sticky_enabled=\u00a0\u00bb0&Prime; custom_padding=\u00a0\u00bb150px||150px||false|false\u00a0\u00bb][\/et_pb_fullwidth_post_title][\/et_pb_section][et_pb_section fb_built=\u00a0\u00bb1&Prime; _builder_version=\u00a0\u00bb4.16&Prime; _module_preset=\u00a0\u00bbdefault\u00a0\u00bb custom_padding=\u00a0\u00bb2px||0px|||\u00a0\u00bb global_colors_info=\u00a0\u00bb{}\u00a0\u00bb][et_pb_row column_structure=\u00a0\u00bb1_3,2_3&Prime; use_custom_gutter=\u00a0\u00bbon\u00a0\u00bb gutter_width=\u00a0\u00bb1&Prime; module_class=\u00a0\u00bbcolonnes-centrees\u00a0\u00bb _builder_version=\u00a0\u00bb4.27.4&Prime; _module_preset=\u00a0\u00bbdefault\u00a0\u00bb background_enable_color=\u00a0\u00bboff\u00a0\u00bb width=\u00a0\u00bb100%\u00a0\u00bb max_width=\u00a0\u00bb2560px\u00a0\u00bb custom_margin=\u00a0\u00bb0px|auto||auto|false|false\u00a0\u00bb custom_padding=\u00a0\u00bb0px||0px|||\u00a0\u00bb global_colors_info=\u00a0\u00bb{}\u00a0\u00bb][et_pb_column type=\u00a0\u00bb1_3&Prime; _builder_version=\u00a0\u00bb4.16&Prime; _module_preset=\u00a0\u00bbdefault\u00a0\u00bb global_colors_info=\u00a0\u00bb{}\u00a0\u00bb][et_pb_number_counter title=\u00a0\u00bbann\u00e9es d&rsquo;experience\u00a0\u00bb number=\u00a0\u00bb30&Prime; percent_sign=\u00a0\u00bboff\u00a0\u00bb _builder_version=\u00a0\u00bb4.27.5&Prime; _module_preset=\u00a0\u00bbdefault\u00a0\u00bb title_font_size=\u00a0\u00bb35px\u00a0\u00bb number_font=\u00a0\u00bb|800|||||||\u00a0\u00bb number_text_color=\u00a0\u00bb#D71813&Prime; number_font_size=\u00a0\u00bb80px\u00a0\u00bb custom_margin_tablet=\u00a0\u00bb\u00a0\u00bb custom_margin_phone=\u00a0\u00bb20px||||false|false\u00a0\u00bb custom_margin_last_edited=\u00a0\u00bbon|phone\u00a0\u00bb global_colors_info=\u00a0\u00bb{}\u00a0\u00bb][\/et_pb_number_counter][\/et_pb_column][et_pb_column type=\u00a0\u00bb2_3&Prime; _builder_version=\u00a0\u00bb4.16&Prime; _module_preset=\u00a0\u00bbdefault\u00a0\u00bb global_colors_info=\u00a0\u00bb{}\u00a0\u00bb][et_pb_text _builder_version=\u00a0\u00bb4.27.5&Prime; _module_preset=\u00a0\u00bbdefault\u00a0\u00bb text_font_size=\u00a0\u00bb18px\u00a0\u00bb text_line_height=\u00a0\u00bb1.8em\u00a0\u00bb header_2_font_size=\u00a0\u00bb40px\u00a0\u00bb custom_padding=\u00a0\u00bb50px|50px|50px|50px|true|true\u00a0\u00bb global_colors_info=\u00a0\u00bb{}\u00a0\u00bb]<p><span>D-Groupe se d\u00e9veloppe depuis plus de 30 ans sur le march\u00e9 fran\u00e7ais de la livraison \u00e0 valeur ajout\u00e9e et de la logistique gr\u00e2ce \u00e0 ses collaborateurs investis dans le succ\u00e8s de chaque projet confi\u00e9.<\/span><br \/><span>De leur travail est venue la satisfaction de nos clients, de leurs id\u00e9es et remont\u00e9es terrain sont venues les innovations de service et d\u2019outillage qui portent notre expansion.<\/span><\/p>[\/et_pb_text][\/et_pb_column][\/et_pb_row][\/et_pb_section][et_pb_section fb_built=\u00a0\u00bb1&Prime; _builder_version=\u00a0\u00bb4.27.4&Prime; _module_preset=\u00a0\u00bbdefault\u00a0\u00bb global_colors_info=\u00a0\u00bb{}\u00a0\u00bb][et_pb_row column_structure=\u00a0\u00bb1_2,1_2&Prime; make_equal=\u00a0\u00bbon\u00a0\u00bb _builder_version=\u00a0\u00bb4.27.4&Prime; _module_preset=\u00a0\u00bbdefault\u00a0\u00bb global_colors_info=\u00a0\u00bb{}\u00a0\u00bb][et_pb_column type=\u00a0\u00bb1_2&Prime; _builder_version=\u00a0\u00bb4.27.4&Prime; _module_preset=\u00a0\u00bbdefault\u00a0\u00bb box_shadow_style=\u00a0\u00bbpreset2&Prime; global_colors_info=\u00a0\u00bb{}\u00a0\u00bb][et_pb_text _builder_version=\u00a0\u00bb4.27.4&Prime; _module_preset=\u00a0\u00bbdefault\u00a0\u00bb text_font_size=\u00a0\u00bb18px\u00a0\u00bb text_line_height=\u00a0\u00bb1.8em\u00a0\u00bb header_2_text_color=\u00a0\u00bb#D71813&Prime; header_2_font_size=\u00a0\u00bb25px\u00a0\u00bb custom_padding=\u00a0\u00bb50px|50px|50px|50px|true|true\u00a0\u00bb global_colors_info=\u00a0\u00bb{}\u00a0\u00bb]<h2>Nos offres d\u2019emploi<\/h2>[\/et_pb_text][et_pb_code _builder_version=\u00a0\u00bb4.27.4&Prime; _module_preset=\u00a0\u00bbdefault\u00a0\u00bb global_colors_info=\u00a0\u00bb{}\u00a0\u00bb]<iframe <!-- [et_pb_line_break_holder] -->src=\u00a0\u00bbhttps:\/\/careers.flatchr.io\/company\/deltaconsulting?iframe=true&#038;btn_color=bb2a0a&#038;background_color=FFFFFF\u00a0\u00bb <!-- [et_pb_line_break_holder] -->width=\u00a0\u00bb100%\u00a0\u00bb height=\u00a0\u00bb600px\u00a0\u00bb frameborder=\u00a0\u00bb0&Prime; marginwidth=\u00a0\u00bb0&Prime; marginheight=\u00a0\u00bb0&Prime;><!-- [et_pb_line_break_holder] --><\/iframe>[\/et_pb_code][\/et_pb_column][et_pb_column type=\u00a0\u00bb1_2&Prime; _builder_version=\u00a0\u00bb4.27.4&Prime; _module_preset=\u00a0\u00bbdefault\u00a0\u00bb custom_padding=\u00a0\u00bb|20px||20px|false|false\u00a0\u00bb box_shadow_style=\u00a0\u00bbpreset2&Prime; global_colors_info=\u00a0\u00bb{}\u00a0\u00bb][et_pb_text _builder_version=\u00a0\u00bb4.27.4&Prime; _module_preset=\u00a0\u00bbdefault\u00a0\u00bb text_font_size=\u00a0\u00bb18px\u00a0\u00bb text_line_height=\u00a0\u00bb1.8em\u00a0\u00bb header_2_text_color=\u00a0\u00bb#D71813&Prime; header_2_font_size=\u00a0\u00bb25px\u00a0\u00bb custom_padding=\u00a0\u00bb50px|50px|50px|50px|true|true\u00a0\u00bb global_colors_info=\u00a0\u00bb{}\u00a0\u00bb]<h2>Candidature spontan\u00e9e<\/h2>[\/et_pb_text][de_fb_form submit_button_text=\u00a0\u00bbEnvoyer ma candidature\u00a0\u00bb select_arrow_color=\u00a0\u00bbRGBA(255,255,255,0)\u00a0\u00bb _builder_version=\u00a0\u00bb4.27.4&Prime; _module_preset=\u00a0\u00bbdefault\u00a0\u00bb _unique_id=\u00a0\u00bb7d9e34ac-5468-41e1-b3dc-dbcbe73dd4c2&Prime; form_field_background_color=\u00a0\u00bbRGBA(255,255,255,0)\u00a0\u00bb form_field_text_color=\u00a0\u00bb#494444&Prime; form_field_font=\u00a0\u00bb||||||||\u00a0\u00bb custom_button=\u00a0\u00bbon\u00a0\u00bb button_text_size=\u00a0\u00bb17px\u00a0\u00bb border_width_bottom=\u00a0\u00bb1px\u00a0\u00bb border_color_bottom=\u00a0\u00bb#494444&Prime; box_shadow_style_button=\u00a0\u00bbpreset1&Prime; global_colors_info=\u00a0\u00bb{}\u00a0\u00bb][de_fb_form_field field_title=\u00a0\u00bbNom\u00a0\u00bb admin_title=\u00a0\u00bbNom\u00a0\u00bb field_id=\u00a0\u00bbNom\u00a0\u00bb required_mark=\u00a0\u00bbon\u00a0\u00bb _builder_version=\u00a0\u00bb4.27.4&Prime; _module_preset=\u00a0\u00bbdefault\u00a0\u00bb global_colors_info=\u00a0\u00bb{}\u00a0\u00bb form_step=\u00a0\u00bb0&Prime; current_step=\u00a0\u00bb0&Prime;][\/de_fb_form_field][de_fb_form_field field_title=\u00a0\u00bbPr\u00e9nom\u00a0\u00bb admin_title=\u00a0\u00bbPr\u00e9nom\u00a0\u00bb field_id=\u00a0\u00bbPr\u00e9nom\u00a0\u00bb required_mark=\u00a0\u00bbon\u00a0\u00bb _builder_version=\u00a0\u00bb4.27.4&Prime; _module_preset=\u00a0\u00bbdefault\u00a0\u00bb global_colors_info=\u00a0\u00bb{}\u00a0\u00bb form_step=\u00a0\u00bb0&Prime; current_step=\u00a0\u00bb0&Prime;][\/de_fb_form_field][de_fb_form_field field_title=\u00a0\u00bbEmail\u00a0\u00bb admin_title=\u00a0\u00bbEmail\u00a0\u00bb field_id=\u00a0\u00bbEmail\u00a0\u00bb field_type=\u00a0\u00bbemail\u00a0\u00bb required_mark=\u00a0\u00bbon\u00a0\u00bb _builder_version=\u00a0\u00bb4.27.4&Prime; _module_preset=\u00a0\u00bbdefault\u00a0\u00bb global_colors_info=\u00a0\u00bb{}\u00a0\u00bb form_step=\u00a0\u00bb0&Prime; current_step=\u00a0\u00bb0&Prime;][\/de_fb_form_field][de_fb_form_field field_title=\u00a0\u00bbCV\u00a0\u00bb admin_title=\u00a0\u00bbCV\u00a0\u00bb field_id=\u00a0\u00bbCV\u00a0\u00bb field_type=\u00a0\u00bbfile\u00a0\u00bb required_mark=\u00a0\u00bbon\u00a0\u00bb required_message=\u00a0\u00bbChamp obligatoire\u00a0\u00bb field_grid_column=\u00a0\u00bbet_pb_column_1_2&Prime; upload_description=\u00a0\u00bbCV \u00a0\u00bb upload_primary_color=\u00a0\u00bb#D71813&Prime; _builder_version=\u00a0\u00bb4.27.4&Prime; _module_preset=\u00a0\u00bbdefault\u00a0\u00bb global_colors_info=\u00a0\u00bb{}\u00a0\u00bb form_step=\u00a0\u00bb0&Prime; current_step=\u00a0\u00bb0&Prime;][\/de_fb_form_field][de_fb_form_field field_title=\u00a0\u00bbLettre de motivation\u00a0\u00bb admin_title=\u00a0\u00bbLettre de motivation\u00a0\u00bb field_id=\u00a0\u00bbLettre_de_motivation\u00a0\u00bb field_type=\u00a0\u00bbfile\u00a0\u00bb required_mark=\u00a0\u00bbon\u00a0\u00bb required_message=\u00a0\u00bbChamp obligatoire\u00a0\u00bb field_grid_column=\u00a0\u00bbet_pb_column_1_2&Prime; upload_description=\u00a0\u00bbLettre de motivation \u00a0\u00bb upload_primary_color=\u00a0\u00bb#D71813&Prime; _builder_version=\u00a0\u00bb4.27.4&Prime; _module_preset=\u00a0\u00bbdefault\u00a0\u00bb global_colors_info=\u00a0\u00bb{}\u00a0\u00bb form_step=\u00a0\u00bb0&Prime; current_step=\u00a0\u00bb0&Prime;][\/de_fb_form_field][\/de_fb_form][\/et_pb_column][\/et_pb_row][\/et_pb_section]\n","protected":false},"excerpt":{"rendered":"<p>D-Groupe se d\u00e9veloppe depuis plus de 30 ans sur le march\u00e9 fran\u00e7ais de la livraison \u00e0 valeur ajout\u00e9e et de la logistique gr\u00e2ce \u00e0 ses collaborateurs investis dans le succ\u00e8s de chaque projet confi\u00e9.De leur travail est venue la satisfaction de nos clients, de leurs id\u00e9es et remont\u00e9es terrain sont venues les innovations de service [&hellip;]<\/p>\n","protected":false},"author":1,"featured_media":186,"parent":0,"menu_order":0,"comment_status":"closed","ping_status":"closed","template":"","meta":{"_et_pb_use_builder":"on","_et_pb_old_content":"","_et_gb_content_width":"","footnotes":""},"class_list":["post-103","page","type-page","status-publish","has-post-thumbnail","hentry"],"yoast_head":"<!-- This site is optimized with the Yoast SEO plugin v27.3 - https:\/\/yoast.com\/product\/yoast-seo-wordpress\/ -->\n<title>Rejoindre D-Groupe - DGroupe<\/title>\n<meta name=\"description\" content=\"Rejoignez D Groupe : d\u00e9couvrez nos offres d\u2019emploi en logistique, transport et supply chain. Int\u00e9grez un groupe en pleine croissance.\" \/>\n<meta name=\"robots\" content=\"index, follow, max-snippet:-1, max-image-preview:large, max-video-preview:-1\" \/>\n<link rel=\"canonical\" href=\"https:\/\/www.dgroupe.fr\/en\/rejoindre-d-groupe\/\" \/>\n<meta property=\"og:locale\" content=\"en_GB\" \/>\n<meta property=\"og:type\" content=\"article\" \/>\n<meta property=\"og:title\" content=\"Rejoindre D-Groupe - DGroupe\" \/>\n<meta property=\"og:description\" content=\"Rejoignez D Groupe : d\u00e9couvrez nos offres d\u2019emploi en logistique, transport et supply chain. Int\u00e9grez un groupe en pleine croissance.\" \/>\n<meta property=\"og:url\" content=\"https:\/\/www.dgroupe.fr\/en\/rejoindre-d-groupe\/\" \/>\n<meta property=\"og:site_name\" content=\"DGroupe\" \/>\n<meta property=\"article:modified_time\" content=\"2026-02-15T07:51:29+00:00\" \/>\n<meta property=\"og:image\" content=\"https:\/\/www.dgroupe.fr\/wp-content\/uploads\/2025\/11\/63be8c7a814110abdad2474b__DSC4674.jpg\" \/>\n\t<meta property=\"og:image:width\" content=\"1397\" \/>\n\t<meta property=\"og:image:height\" content=\"932\" \/>\n\t<meta property=\"og:image:type\" content=\"image\/jpeg\" \/>\n<meta name=\"twitter:card\" content=\"summary_large_image\" \/>\n<meta name=\"twitter:label1\" content=\"Estimated reading time\" \/>\n\t<meta name=\"twitter:data1\" content=\"1 minute\" \/>\n<script type=\"application\/ld+json\" class=\"yoast-schema-graph\">{\"@context\":\"https:\\\/\\\/schema.org\",\"@graph\":[{\"@type\":\"WebPage\",\"@id\":\"https:\\\/\\\/www.dgroupe.fr\\\/rejoindre-d-groupe\\\/\",\"url\":\"https:\\\/\\\/www.dgroupe.fr\\\/rejoindre-d-groupe\\\/\",\"name\":\"Rejoindre D-Groupe - DGroupe\",\"isPartOf\":{\"@id\":\"https:\\\/\\\/www.dgroupe.fr\\\/#website\"},\"primaryImageOfPage\":{\"@id\":\"https:\\\/\\\/www.dgroupe.fr\\\/rejoindre-d-groupe\\\/#primaryimage\"},\"image\":{\"@id\":\"https:\\\/\\\/www.dgroupe.fr\\\/rejoindre-d-groupe\\\/#primaryimage\"},\"thumbnailUrl\":\"https:\\\/\\\/www.dgroupe.fr\\\/wp-content\\\/uploads\\\/2025\\\/11\\\/63be8c7a814110abdad2474b__DSC4674.jpg\",\"datePublished\":\"2025-11-23T08:54:11+00:00\",\"dateModified\":\"2026-02-15T07:51:29+00:00\",\"description\":\"Rejoignez D Groupe : d\u00e9couvrez nos offres d\u2019emploi en logistique, transport et supply chain. Int\u00e9grez un groupe en pleine croissance.\",\"breadcrumb\":{\"@id\":\"https:\\\/\\\/www.dgroupe.fr\\\/rejoindre-d-groupe\\\/#breadcrumb\"},\"inLanguage\":\"en-GB\",\"potentialAction\":[{\"@type\":\"ReadAction\",\"target\":[\"https:\\\/\\\/www.dgroupe.fr\\\/rejoindre-d-groupe\\\/\"]}]},{\"@type\":\"ImageObject\",\"inLanguage\":\"en-GB\",\"@id\":\"https:\\\/\\\/www.dgroupe.fr\\\/rejoindre-d-groupe\\\/#primaryimage\",\"url\":\"https:\\\/\\\/www.dgroupe.fr\\\/wp-content\\\/uploads\\\/2025\\\/11\\\/63be8c7a814110abdad2474b__DSC4674.jpg\",\"contentUrl\":\"https:\\\/\\\/www.dgroupe.fr\\\/wp-content\\\/uploads\\\/2025\\\/11\\\/63be8c7a814110abdad2474b__DSC4674.jpg\",\"width\":1397,\"height\":932,\"caption\":\"D Groupe recrute\"},{\"@type\":\"BreadcrumbList\",\"@id\":\"https:\\\/\\\/www.dgroupe.fr\\\/rejoindre-d-groupe\\\/#breadcrumb\",\"itemListElement\":[{\"@type\":\"ListItem\",\"position\":1,\"name\":\"Accueil\",\"item\":\"https:\\\/\\\/www.dgroupe.fr\\\/\"},{\"@type\":\"ListItem\",\"position\":2,\"name\":\"Rejoindre D-Groupe\"}]},{\"@type\":\"WebSite\",\"@id\":\"https:\\\/\\\/www.dgroupe.fr\\\/#website\",\"url\":\"https:\\\/\\\/www.dgroupe.fr\\\/\",\"name\":\"DGroupe\",\"description\":\"Fournisseur de solutions supply chain\",\"publisher\":{\"@id\":\"https:\\\/\\\/www.dgroupe.fr\\\/#organization\"},\"potentialAction\":[{\"@type\":\"SearchAction\",\"target\":{\"@type\":\"EntryPoint\",\"urlTemplate\":\"https:\\\/\\\/www.dgroupe.fr\\\/?s={search_term_string}\"},\"query-input\":{\"@type\":\"PropertyValueSpecification\",\"valueRequired\":true,\"valueName\":\"search_term_string\"}}],\"inLanguage\":\"en-GB\"},{\"@type\":\"Organization\",\"@id\":\"https:\\\/\\\/www.dgroupe.fr\\\/#organization\",\"name\":\"DGroupe\",\"url\":\"https:\\\/\\\/www.dgroupe.fr\\\/\",\"logo\":{\"@type\":\"ImageObject\",\"inLanguage\":\"en-GB\",\"@id\":\"https:\\\/\\\/www.dgroupe.fr\\\/#\\\/schema\\\/logo\\\/image\\\/\",\"url\":\"https:\\\/\\\/www.dgroupe.fr\\\/wp-content\\\/uploads\\\/2025\\\/11\\\/683614629ea4783e47c646ca_D-Groupe-logo-p-500.png\",\"contentUrl\":\"https:\\\/\\\/www.dgroupe.fr\\\/wp-content\\\/uploads\\\/2025\\\/11\\\/683614629ea4783e47c646ca_D-Groupe-logo-p-500.png\",\"width\":500,\"height\":455,\"caption\":\"DGroupe\"},\"image\":{\"@id\":\"https:\\\/\\\/www.dgroupe.fr\\\/#\\\/schema\\\/logo\\\/image\\\/\"}}]}<\/script>\n<!-- \/ Yoast SEO plugin. -->","yoast_head_json":{"title":"Rejoindre D-Groupe - DGroupe","description":"Rejoignez D Groupe : d\u00e9couvrez nos offres d\u2019emploi en logistique, transport et supply chain. Int\u00e9grez un groupe en pleine croissance.","robots":{"index":"index","follow":"follow","max-snippet":"max-snippet:-1","max-image-preview":"max-image-preview:large","max-video-preview":"max-video-preview:-1"},"canonical":"https:\/\/www.dgroupe.fr\/en\/rejoindre-d-groupe\/","og_locale":"en_GB","og_type":"article","og_title":"Rejoindre D-Groupe - DGroupe","og_description":"Rejoignez D Groupe : d\u00e9couvrez nos offres d\u2019emploi en logistique, transport et supply chain. Int\u00e9grez un groupe en pleine croissance.","og_url":"https:\/\/www.dgroupe.fr\/en\/rejoindre-d-groupe\/","og_site_name":"DGroupe","article_modified_time":"2026-02-15T07:51:29+00:00","og_image":[{"width":1397,"height":932,"url":"https:\/\/www.dgroupe.fr\/wp-content\/uploads\/2025\/11\/63be8c7a814110abdad2474b__DSC4674.jpg","type":"image\/jpeg"}],"twitter_card":"summary_large_image","twitter_misc":{"Estimated reading time":"1 minute"},"schema":{"@context":"https:\/\/schema.org","@graph":[{"@type":"WebPage","@id":"https:\/\/www.dgroupe.fr\/rejoindre-d-groupe\/","url":"https:\/\/www.dgroupe.fr\/rejoindre-d-groupe\/","name":"Rejoindre D-Groupe - DGroupe","isPartOf":{"@id":"https:\/\/www.dgroupe.fr\/#website"},"primaryImageOfPage":{"@id":"https:\/\/www.dgroupe.fr\/rejoindre-d-groupe\/#primaryimage"},"image":{"@id":"https:\/\/www.dgroupe.fr\/rejoindre-d-groupe\/#primaryimage"},"thumbnailUrl":"https:\/\/www.dgroupe.fr\/wp-content\/uploads\/2025\/11\/63be8c7a814110abdad2474b__DSC4674.jpg","datePublished":"2025-11-23T08:54:11+00:00","dateModified":"2026-02-15T07:51:29+00:00","description":"Rejoignez D Groupe : d\u00e9couvrez nos offres d\u2019emploi en logistique, transport et supply chain. Int\u00e9grez un groupe en pleine croissance.","breadcrumb":{"@id":"https:\/\/www.dgroupe.fr\/rejoindre-d-groupe\/#breadcrumb"},"inLanguage":"en-GB","potentialAction":[{"@type":"ReadAction","target":["https:\/\/www.dgroupe.fr\/rejoindre-d-groupe\/"]}]},{"@type":"ImageObject","inLanguage":"en-GB","@id":"https:\/\/www.dgroupe.fr\/rejoindre-d-groupe\/#primaryimage","url":"https:\/\/www.dgroupe.fr\/wp-content\/uploads\/2025\/11\/63be8c7a814110abdad2474b__DSC4674.jpg","contentUrl":"https:\/\/www.dgroupe.fr\/wp-content\/uploads\/2025\/11\/63be8c7a814110abdad2474b__DSC4674.jpg","width":1397,"height":932,"caption":"D Groupe recrute"},{"@type":"BreadcrumbList","@id":"https:\/\/www.dgroupe.fr\/rejoindre-d-groupe\/#breadcrumb","itemListElement":[{"@type":"ListItem","position":1,"name":"Accueil","item":"https:\/\/www.dgroupe.fr\/"},{"@type":"ListItem","position":2,"name":"Rejoindre D-Groupe"}]},{"@type":"WebSite","@id":"https:\/\/www.dgroupe.fr\/#website","url":"https:\/\/www.dgroupe.fr\/","name":"DGroupe","description":"Supplier of supply chain solutions","publisher":{"@id":"https:\/\/www.dgroupe.fr\/#organization"},"potentialAction":[{"@type":"SearchAction","target":{"@type":"EntryPoint","urlTemplate":"https:\/\/www.dgroupe.fr\/?s={search_term_string}"},"query-input":{"@type":"PropertyValueSpecification","valueRequired":true,"valueName":"search_term_string"}}],"inLanguage":"en-GB"},{"@type":"Organization","@id":"https:\/\/www.dgroupe.fr\/#organization","name":"DGroupe","url":"https:\/\/www.dgroupe.fr\/","logo":{"@type":"ImageObject","inLanguage":"en-GB","@id":"https:\/\/www.dgroupe.fr\/#\/schema\/logo\/image\/","url":"https:\/\/www.dgroupe.fr\/wp-content\/uploads\/2025\/11\/683614629ea4783e47c646ca_D-Groupe-logo-p-500.png","contentUrl":"https:\/\/www.dgroupe.fr\/wp-content\/uploads\/2025\/11\/683614629ea4783e47c646ca_D-Groupe-logo-p-500.png","width":500,"height":455,"caption":"DGroupe"},"image":{"@id":"https:\/\/www.dgroupe.fr\/#\/schema\/logo\/image\/"}}]}},"_links":{"self":[{"href":"https:\/\/www.dgroupe.fr\/en\/wp-json\/wp\/v2\/pages\/103","targetHints":{"allow":["GET"]}}],"collection":[{"href":"https:\/\/www.dgroupe.fr\/en\/wp-json\/wp\/v2\/pages"}],"about":[{"href":"https:\/\/www.dgroupe.fr\/en\/wp-json\/wp\/v2\/types\/page"}],"author":[{"embeddable":true,"href":"https:\/\/www.dgroupe.fr\/en\/wp-json\/wp\/v2\/users\/1"}],"replies":[{"embeddable":true,"href":"https:\/\/www.dgroupe.fr\/en\/wp-json\/wp\/v2\/comments?post=103"}],"version-history":[{"count":17,"href":"https:\/\/www.dgroupe.fr\/en\/wp-json\/wp\/v2\/pages\/103\/revisions"}],"predecessor-version":[{"id":1053,"href":"https:\/\/www.dgroupe.fr\/en\/wp-json\/wp\/v2\/pages\/103\/revisions\/1053"}],"wp:featuredmedia":[{"embeddable":true,"href":"https:\/\/www.dgroupe.fr\/en\/wp-json\/wp\/v2\/media\/186"}],"wp:attachment":[{"href":"https:\/\/www.dgroupe.fr\/en\/wp-json\/wp\/v2\/media?parent=103"}],"curies":[{"name":"wp","href":"https:\/\/api.w.org\/{rel}","templated":true}]}}